{"id":510,"date":"2022-09-13T13:47:00","date_gmt":"2022-09-13T11:47:00","guid":{"rendered":"http:\/\/villabostele.com\/home\/"},"modified":"2022-10-24T15:45:00","modified_gmt":"2022-10-24T13:45:00","slug":"home","status":"publish","type":"page","link":"https:\/\/villabostele.com\/de\/","title":{"rendered":"Home"},"content":{"rendered":"\n<section id=\"\" class=\"hero\">\n\t<div class=\"video\">\n\t\t<video poster=\"\" autoplay loop muted playsinline>\n\t\t\t<source src=\"https:\/\/villabostele.com\/wp-content\/uploads\/2022\/10\/index_footage_2.mp4\" type=\"video\/mp4\">\n\t\t<\/video>\n\t<\/div>\n\t<div class=\"content\">\n\t\t<div class=\"container\">\n\t\t\t<div class=\"row\">\n\t\t\t\t<div class=\"flex\">\n\t\t\t\t\t<div class=\"wrapper\">\n\t\t\t\t\t\t<h1>Hallo! Willkommen in der Villa Bostele<\/h1>\n<p>Ihr Lieblingsurlaubsort in den sonnigen S\u00fcdalpen. Gem\u00fctliche und bequeme Zimmer, privates Spa und faszinierender Panoramablick.<\/p>\n<p>                        <a href=\"#about\">entdecken Sie Bostele<\/a><\/p>\n\t\t\t\t\t<\/div>\n\t\t\t\t<\/div>\n\t\t\t<\/div>\n\t\t<\/div>\n\t<\/div>\n\t<div class=\"separator\">\n\t\t<div class=\"line\"><\/div>\n\t<\/div>\n<\/section>\n\n\n\n<section id=\"about\" class=\"about\">\n\t<div class=\"container\">\n\t\t<div class=\"row\">\n\t\t\t<div class=\"flex\">\n\t\t\t\t<div class=\"image\">\n\t\t\t\t\t<a href=\"https:\/\/www.youtube.com\/watch?v=TkT8YsRDyu8\">\n\t\t\t\t\t\t                            <img decoding=\"async\" src=\"https:\/\/villabostele.com\/wp-content\/uploads\/2022\/10\/Video1x-1.png\"  srcset=\"https:\/\/villabostele.com\/wp-content\/uploads\/2022\/10\/Video2x-1.png 2x\"  alt=\"\" \/>\n\t\t\t\t\t\t                    <\/a>\n\t\t\t\t<\/div>\n\t\t\t\t<div class=\"text\">\n\t\t\t\t\t<h2>Familie Bostele<\/h2>\n<p>Wir sind eine slowenische Familie mit l\u00e4ndlichen Wurzeln und einer Tradition im Bereich der nachhaltigen Landwirtschaft. Schon seit mehreren Generationen spezialisieren wir uns auf die Weinherstellung unter unserer eigenen Marke sowie auf den Anbau von Tomaten und Fr\u00fcchten.<\/p>\n<p>Wir werden Sie in unserer Villa Bostele mit der gleichen Liebe und Begeisterung empfangen, die wir der Landwirtschaft widmen.<\/p>\n\t\t\t\t\t\t\t\t\t\t\t<div class=\"button\">\n\t\t\t\t\t\t\t<a href=\"http:\/\/villabostele.com\/de\/villa\/\" target=\"_self\" class=\"btn white\">mehr \u00fcber die Villa<\/a>\n\t\t\t\t\t\t<\/div>\n\t\t\t\t\t\t\t\t\t<\/div>\n\t\t\t<\/div>\n\t\t<\/div>\n\t<\/div>\n<\/section>\n\n\n\n<section id=\"\" class=\"offers\">\n\t<div class=\"decoration-top\"><\/div>\n\t<div class=\"container\">\n\t\t<div class=\"row\">\n\t\t\t<div class=\"flex\">\n\t\t\t\t<div class=\"title\">\n\t\t\t\t\t<h2>Villa Bostele<\/h2>\n\t\t\t\t<\/div>\n\t\t\t\t<div class=\"text\">\n\t\t\t\t\t<p>Die Villa Bostele ist perfekt gelegen mit einem atemberaubenden Panoramablick auf das ganze Tal und die Stadt Bad Kleinkirchheim. Die Villa wurde von einem bekannten deutschen Entwickler als eine Fusion aus traditioneller lokaler Architektur erbaut, mit hochwertigen Materialien und exklusiver Ausstattung.<\/p>\n\t\t\t\t<\/div>\n\t\t\t<\/div>\n\t\t\t<div class=\"separator\"><\/div>\n\t\t\t<div class=\"list\">\n\t\t\t\t<div class=\"texts\">\n\t\t\t\t\t\t\t\t\t\t\t\t\t<div class=\"text\">Komfort in wundersch\u00f6nen Zimmern f\u00fcr bis zu 12 Personen<\/div>\n\t\t\t\t\t\t\t\t\t\t\t\t\t\t\t\t<div class=\"text\">Luxuri\u00f6ses Wellnesscenter mit finnischer und t\u00fcrkischer Sauna<\/div>\n\t\t\t\t\t\t\t\t\t\t\t\t\t\t\t\t<div class=\"text\">Gro\u00dfes Badebecken mit einer Vielzahl von Wassermassagen und Gegenstr\u00f6mungen<\/div>\n\t\t\t\t\t\t\t\t\t\t\t\t\t\t\t\t<div class=\"text\">Wundersch\u00f6ner Terrassengarten<\/div>\n\t\t\t\t\t\t\t\t\t\t\t\t\t\t\t\t<div class=\"text\">Voll ausgestattete K\u00fcche, Bierbar und eigener Weinkeller<\/div>\n\t\t\t\t\t\t\t\t\t\t\t\t<\/div>\n\t\t\t\t<div class=\"images\">\n\t\t\t\t\t<img decoding=\"async\" src=\"https:\/\/villabostele.com\/wp-content\/themes\/bostele\/assets\/img\/offer_bg_image_1.png\" srcset=\"https:\/\/villabostele.com\/wp-content\/themes\/bostele\/assets\/img\/offer_bg_image_1@2x.png 2x\" alt=\"\" \/>\n\t\t\t\t\t<img decoding=\"async\" src=\"https:\/\/villabostele.com\/wp-content\/themes\/bostele\/assets\/img\/offer_bg_image_2.png\" srcset=\"https:\/\/villabostele.com\/wp-content\/themes\/bostele\/assets\/img\/offer_bg_image_2@2x.png 2x\" alt=\"\" \/>\n\t\t\t\t\t<img decoding=\"async\" src=\"https:\/\/villabostele.com\/wp-content\/themes\/bostele\/assets\/img\/offer_bg_image_3.png\" srcset=\"https:\/\/villabostele.com\/wp-content\/themes\/bostele\/assets\/img\/offer_bg_image_3@2x.png 2x\" alt=\"\" \/>\n\t\t\t\t\t<img decoding=\"async\" src=\"https:\/\/villabostele.com\/wp-content\/themes\/bostele\/assets\/img\/offer_bg_image_4.png\" srcset=\"https:\/\/villabostele.com\/wp-content\/themes\/bostele\/assets\/img\/offer_bg_image_4@2x.png 2x\" alt=\"\" \/>\n\t\t\t\t<\/div>\n\t\t\t\t<div class=\"decoration\"><\/div>\n\t\t\t<\/div>\n\t\t<\/div>\n\t<\/div>\n<\/section>\n\n\n\n<section id=\"\" class=\"review alt-1\">\n\t<div class=\"decoration-1\"><\/div>\n\t<div class=\"decoration-2\"><\/div>\n\t<div class=\"decoration-3\"><\/div>\n\t<div class=\"decoration-4\"><\/div>\n\t<div class=\"wrapper\">\n\t\t\t\t\t<img decoding=\"async\" src=\"https:\/\/villabostele.com\/wp-content\/uploads\/2022\/09\/review.jpg\"  srcset=\"https:\/\/villabostele.com\/wp-content\/uploads\/2022\/09\/review@2x-scaled.jpg 2x\"  alt=\"\" \/>\n\t\t\t\t<div class=\"content\">\n\t\t\t<div class=\"container\">\n\t\t\t\t<div class=\"row\">\n\t\t\t\t\t<div class=\"flex\">\n\t\t\t\t\t\t<div class=\"text\">\u201eDas war ein wundersch\u00f6ner Tag! So habe ich Skifahren noch nie erlebt&#8230;\u201c<\/div>\n\t\t\t\t\t\t<div class=\"text\">\u201eDie ganze Familie zusammen. Sonnige Tage, voller Aktivit\u00e4ten und Spa\u00df. Meine Batterien sind voll aufgeladen, und ich bin bereit f\u00fcr den Rest des Jahres.&#8220;<\/div>\n\t\t\t\t\t<\/div>\n\t\t\t\t<\/div>\n\t\t\t<\/div>\n\t\t<\/div>\n\t<\/div>\n<\/section>\n\n\n\n\n<section id=\"\" class=\"slider\">\n\t<div class=\"slider-wrapper\">\n\t\t\t\t\t\t\t<div class=\"slide\">\n\t\t\t\t\t\t<div class=\"wrapper top\">\n\t\t\t\t\t\t\t\t\t\t\t\t\t\t\t<div class=\"item left\">\n                                    <a href=\"https:\/\/villabostele.com\/wp-content\/uploads\/2022\/10\/Image2x-1.jpg\">\n                                        <img decoding=\"async\" src=\"https:\/\/villabostele.com\/wp-content\/uploads\/2022\/10\/Image1x-1.jpg\"  srcset=\"https:\/\/villabostele.com\/wp-content\/uploads\/2022\/10\/Image2x-1.jpg 2x\"  alt=\"\" \/>\n                                    <\/a>\n\t\t\t\t\t\t\t\t<\/div>\n\t\t\t\t\t\t\t\t\t\t\t\t\t\t\t\t\t\t\t\t\t\t<div class=\"item right\">\n                                    <a href=\"https:\/\/villabostele.com\/wp-content\/uploads\/2022\/09\/Image2x-2.png\">\n                                        <img decoding=\"async\" src=\"https:\/\/villabostele.com\/wp-content\/uploads\/2022\/09\/Image-2.png\"  srcset=\"https:\/\/villabostele.com\/wp-content\/uploads\/2022\/09\/Image2x-2.png 2x\"  alt=\"\" \/>\n                                    <\/a>\n\t\t\t\t\t\t\t\t<\/div>\n\t\t\t\t\t\t\t\t\t\t\t\t\t<\/div>\n\t\t\t\t\t<\/div>\n\t\t\t\t\t\t\t\t\t<div class=\"slide\">\n\t\t\t\t\t\t<div class=\"wrapper bottom\">\n\t\t\t\t\t\t\t\t\t\t\t\t\t\t\t<div class=\"item right\">\n                                    <a href=\"https:\/\/villabostele.com\/wp-content\/uploads\/2022\/09\/Image2x-3.png\">\n                                        <img decoding=\"async\" src=\"https:\/\/villabostele.com\/wp-content\/uploads\/2022\/09\/Image-3.png\"  srcset=\"https:\/\/villabostele.com\/wp-content\/uploads\/2022\/09\/Image2x-3.png 2x\"  alt=\"\" \/>\n                                    <\/a>\n\t\t\t\t\t\t\t\t<\/div>\n\t\t\t\t\t\t\t\t\t\t\t\t\t\t\t\t\t\t\t\t\t\t<div class=\"item left\">\n                                    <a href=\"https:\/\/villabostele.com\/wp-content\/uploads\/2022\/09\/Image2x-4.png\">\n                                        <img decoding=\"async\" src=\"https:\/\/villabostele.com\/wp-content\/uploads\/2022\/09\/Image-4.png\"  srcset=\"https:\/\/villabostele.com\/wp-content\/uploads\/2022\/09\/Image2x-4.png 2x\"  alt=\"\" \/>\n                                    <\/a>\n\t\t\t\t\t\t\t\t<\/div>\n\t\t\t\t\t\t\t\t\t\t\t\t\t<\/div>\n\t\t\t\t\t<\/div>\n\t\t\t\t\t\t\t\t\t<div class=\"slide\">\n\t\t\t\t\t\t<div class=\"wrapper middle\">\n\t\t\t\t\t\t\t\t\t\t\t\t\t\t\t<div class=\"item left\">\n                                    <a href=\"https:\/\/villabostele.com\/wp-content\/uploads\/2022\/09\/Image2x-5.png\">\n                                        <img decoding=\"async\" src=\"https:\/\/villabostele.com\/wp-content\/uploads\/2022\/09\/Image-5.png\"  srcset=\"https:\/\/villabostele.com\/wp-content\/uploads\/2022\/09\/Image2x-5.png 2x\"  alt=\"\" \/>\n                                    <\/a>\n\t\t\t\t\t\t\t\t<\/div>\n\t\t\t\t\t\t\t\t\t\t\t\t\t\t\t\t\t\t\t\t\t\t<div class=\"item center\">\n                                    <a href=\"https:\/\/villabostele.com\/wp-content\/uploads\/2022\/09\/bostele-2x.png\">\n                                        <img decoding=\"async\" src=\"https:\/\/villabostele.com\/wp-content\/uploads\/2022\/09\/bostele.png\"  srcset=\"https:\/\/villabostele.com\/wp-content\/uploads\/2022\/09\/bostele-2x.png 2x\"  alt=\"\" \/>\n                                    <\/a>\n\t\t\t\t\t\t\t\t<\/div>\n\t\t\t\t\t\t\t\t\t\t\t\t\t<\/div>\n\t\t\t\t\t<\/div>\n\t\t\t\t\t\t\t\t\t<div class=\"slide\">\n\t\t\t\t\t\t<div class=\"wrapper middle\">\n\t\t\t\t\t\t\t\t\t\t\t\t\t\t\t<div class=\"item left\">\n                                    <a href=\"https:\/\/villabostele.com\/wp-content\/uploads\/2022\/09\/slide_4@2x.jpg\">\n                                        <img decoding=\"async\" src=\"https:\/\/villabostele.com\/wp-content\/uploads\/2022\/09\/slide_4.jpg\"  srcset=\"https:\/\/villabostele.com\/wp-content\/uploads\/2022\/09\/slide_4@2x.jpg 2x\"  alt=\"\" \/>\n                                    <\/a>\n\t\t\t\t\t\t\t\t<\/div>\n\t\t\t\t\t\t\t\t\t\t\t\t\t\t\t\t\t\t\t\t<\/div>\n\t\t\t\t\t<\/div>\n\t\t\t\t\t<\/div>\n<\/section>\n\n\n\n<section id=\"\" class=\"visit\">\n\t<div class=\"container\">\n\t\t<div class=\"row\">\n\t\t\t<div class=\"flex\">\n\t\t\t\t<div class=\"text\">\n\t\t\t\t\t<h2>Bad Kleinkircheim &nbsp;bietet:<\/h2>\n\t\t\t\t\t<div class=\"list\">\n\t\t\t\t\t\t\t\t\t\t\t\t\t\t<div class=\"item\">110 Kilometer der besten Skipisten<\/div>\n\t\t\t\t\t\t\t\t\t\t\t\t\t\t\t<div class=\"item\">Skilift nur 250 m von der Villa Bostele entfernt<\/div>\n\t\t\t\t\t\t\t\t\t\t\t\t\t\t\t<div class=\"item\">Historisches Spa mit langer Tradition<\/div>\n\t\t\t\t\t\t\t\t\t\t\t\t\t\t\t<div class=\"item\">Faszinierende Natur der K\u00e4rntner Alpen<\/div>\n\t\t\t\t\t\t\t\t\t\t\t\t\t\t\t<div class=\"item\">Die meisten Sonnentage in \u00d6sterreich<\/div>\n\t\t\t\t\t\t\t\t\t\t\t\t\t\t\t<div class=\"item\">Einzigartige \u00f6sterreichische Hausmannskost<\/div>\n\t\t\t\t\t\t\t\t\t\t\t\t<\/div>\n\t\t\t\t\t\t\t\t\t\t\t<div class=\"button\">\n\t\t\t\t\t\t\t<a href=\"http:\/\/villabostele.com\/de\/aktivitaeten\/\" target=\"_self\" class=\"btn blue\">Erfahren Sie mehr<\/a>\n\t\t\t\t\t\t<\/div>\n\t\t\t\t\t\t\t\t\t<\/div>\n\t\t\t\t<div class=\"image\">\n\t\t\t\t\t\t\t\t\t\t\t<img decoding=\"async\" src=\"https:\/\/villabostele.com\/wp-content\/uploads\/2022\/10\/visit@1x.jpg\"  srcset=\"https:\/\/villabostele.com\/wp-content\/uploads\/2022\/10\/visit@2x.jpg 2x\"  alt=\"\" \/>\n\t\t\t\t\t\t\t\t\t<\/div>\n\t\t\t<\/div>\n\t\t<\/div>\n\t<\/div>\n<\/section>\n\n\n\n\n<section id=\"\" class=\"map\">\n\t<div id=\"map\" class=\"map\"><\/div>\n\t<link href=\"https:\/\/api.mapbox.com\/mapbox-gl-js\/v2.9.1\/mapbox-gl.css\" rel=\"stylesheet\">\n\t<script src=\"https:\/\/api.mapbox.com\/mapbox-gl-js\/v2.9.1\/mapbox-gl.js\"><\/script>\n\t<script>\n        mapboxgl.accessToken = 'pk.eyJ1IjoiYnlkaW9yYW1hIiwiYSI6ImNrYmc0MGxydTA0ZnQycnAzcW1hNmtuNWoifQ.Mx6ymEhWyAk-zLPD1uk7RA';\n        const map = new mapboxgl.Map({\n            container: 'map', \/\/ container ID\n            style: 'mapbox:\/\/styles\/bydiorama\/cl7szmbyt000415n0hx45l3xs', \/\/ style URL\n            center: [13.7528, 46.8347], \/\/ starting position [lng, lat]\n            zoom: 11, \/\/ starting zoom\n            cooperativeGestures: true,\n        });\n\n        map.scrollZoom.disable();\n        map.on('load', () => {\n            map.resize();\n        });\n        map.addControl(new mapboxgl.NavigationControl());\n\n\n        let mainPin = document.createElement('div');\n        mainPin.className = 'marker';\n        mainPin.style.backgroundImage = 'url(https:\/\/villabostele.com\/wp-content\/themes\/bostele\/assets\/img\/Marker@2x.png)';\n        mainPin.style.backgroundSize = 'contain';\n        mainPin.style.backgroundRepeat = 'no-repeat';\n        mainPin.style.width = '124px';\n        mainPin.style.height = '94px';\n        new mapboxgl.Marker(mainPin).setLngLat([13.7528, 46.8347]).addTo(map);\n\t<\/script>\n\t<div class=\"content\">\n\t\t<div class=\"decoration\"><\/div>\n\t\t<div class=\"container\">\n\t\t\t<div class=\"row\">\n\t\t\t\t<div class=\"flex\">\n\t\t\t\t\t<div class=\"text\">\n\t\t\t\t\t\t<h2>Die meisten Sonnentage in \u00d6sterreich<\/h2>\n<p>Die Villa Bostele liegt im Herzen der K\u00e4rntner Alpen im Kurort Bad Kleinkirchheim. Das historische Spa mit einer langen Tradition bietet das ganze Jahr \u00fcber eine magische Kombination aus entspannendem, sozialem und aktivem Lebensstil.<\/p>\n\t\t\t\t\t<\/div>\n\t\t\t\t<\/div>\n\t\t\t<\/div>\n\t\t<\/div>\n\t<\/div>\n<\/section>\n","protected":false},"excerpt":{"rendered":"","protected":false},"author":1,"featured_media":0,"parent":0,"menu_order":0,"comment_status":"closed","ping_status":"closed","template":"","meta":{"inline_featured_image":false,"footnotes":""},"class_list":["post-510","page","type-page","status-publish","hentry"],"acf":[],"yoast_head":"<!-- This site is optimized with the Yoast SEO plugin v19.9 - https:\/\/yoast.com\/wordpress\/plugins\/seo\/ -->\n<title>Home - Villa Bostele<\/title>\n<meta name=\"robots\" content=\"index, follow, max-snippet:-1, max-image-preview:large, max-video-preview:-1\" \/>\n<link rel=\"canonical\" href=\"https:\/\/villabostele.com\/de\/\" \/>\n<meta property=\"og:locale\" content=\"de_DE\" \/>\n<meta property=\"og:type\" content=\"article\" \/>\n<meta property=\"og:title\" content=\"Home - Villa Bostele\" \/>\n<meta property=\"og:url\" content=\"https:\/\/villabostele.com\/de\/\" \/>\n<meta property=\"og:site_name\" content=\"Villa Bostele\" \/>\n<meta property=\"article:modified_time\" content=\"2022-10-24T13:45:00+00:00\" \/>\n<meta property=\"og:image\" content=\"https:\/\/villabostele.com\/wp-content\/uploads\/2022\/09\/ShareImage-D.png\" \/>\n\t<meta property=\"og:image:width\" content=\"1200\" \/>\n\t<meta property=\"og:image:height\" content=\"628\" \/>\n\t<meta property=\"og:image:type\" content=\"image\/png\" \/>\n<meta name=\"twitter:card\" content=\"summary_large_image\" \/>\n<script type=\"application\/ld+json\" class=\"yoast-schema-graph\">{\"@context\":\"https:\/\/schema.org\",\"@graph\":[{\"@type\":\"WebPage\",\"@id\":\"https:\/\/villabostele.com\/de\/\",\"url\":\"https:\/\/villabostele.com\/de\/\",\"name\":\"Home - Villa Bostele\",\"isPartOf\":{\"@id\":\"https:\/\/villabostele.com\/#website\"},\"datePublished\":\"2022-09-13T11:47:00+00:00\",\"dateModified\":\"2022-10-24T13:45:00+00:00\",\"breadcrumb\":{\"@id\":\"https:\/\/villabostele.com\/de\/#breadcrumb\"},\"inLanguage\":\"de\",\"potentialAction\":[{\"@type\":\"ReadAction\",\"target\":[\"https:\/\/villabostele.com\/de\/\"]}]},{\"@type\":\"BreadcrumbList\",\"@id\":\"https:\/\/villabostele.com\/de\/#breadcrumb\",\"itemListElement\":[{\"@type\":\"ListItem\",\"position\":1,\"name\":\"Home\",\"item\":\"https:\/\/villabostele.com\/de\/\"},{\"@type\":\"ListItem\",\"position\":2,\"name\":\"Home\"}]},{\"@type\":\"WebSite\",\"@id\":\"https:\/\/villabostele.com\/#website\",\"url\":\"https:\/\/villabostele.com\/\",\"name\":\"Villa Bostele\",\"description\":\"Len \u010fal\u0161ia WordPress str\u00e1nka\",\"potentialAction\":[{\"@type\":\"SearchAction\",\"target\":{\"@type\":\"EntryPoint\",\"urlTemplate\":\"https:\/\/villabostele.com\/?s={search_term_string}\"},\"query-input\":\"required name=search_term_string\"}],\"inLanguage\":\"de\"}]}<\/script>\n<!-- \/ Yoast SEO plugin. -->","yoast_head_json":{"title":"Home - Villa Bostele","robots":{"index":"index","follow":"follow","max-snippet":"max-snippet:-1","max-image-preview":"max-image-preview:large","max-video-preview":"max-video-preview:-1"},"canonical":"https:\/\/villabostele.com\/de\/","og_locale":"de_DE","og_type":"article","og_title":"Home - Villa Bostele","og_url":"https:\/\/villabostele.com\/de\/","og_site_name":"Villa Bostele","article_modified_time":"2022-10-24T13:45:00+00:00","og_image":[{"width":1200,"height":628,"url":"https:\/\/villabostele.com\/wp-content\/uploads\/2022\/09\/ShareImage-D.png","type":"image\/png"}],"twitter_card":"summary_large_image","schema":{"@context":"https:\/\/schema.org","@graph":[{"@type":"WebPage","@id":"https:\/\/villabostele.com\/de\/","url":"https:\/\/villabostele.com\/de\/","name":"Home - Villa Bostele","isPartOf":{"@id":"https:\/\/villabostele.com\/#website"},"datePublished":"2022-09-13T11:47:00+00:00","dateModified":"2022-10-24T13:45:00+00:00","breadcrumb":{"@id":"https:\/\/villabostele.com\/de\/#breadcrumb"},"inLanguage":"de","potentialAction":[{"@type":"ReadAction","target":["https:\/\/villabostele.com\/de\/"]}]},{"@type":"BreadcrumbList","@id":"https:\/\/villabostele.com\/de\/#breadcrumb","itemListElement":[{"@type":"ListItem","position":1,"name":"Home","item":"https:\/\/villabostele.com\/de\/"},{"@type":"ListItem","position":2,"name":"Home"}]},{"@type":"WebSite","@id":"https:\/\/villabostele.com\/#website","url":"https:\/\/villabostele.com\/","name":"Villa Bostele","description":"Len \u010fal\u0161ia WordPress str\u00e1nka","potentialAction":[{"@type":"SearchAction","target":{"@type":"EntryPoint","urlTemplate":"https:\/\/villabostele.com\/?s={search_term_string}"},"query-input":"required name=search_term_string"}],"inLanguage":"de"}]}},"_links":{"self":[{"href":"https:\/\/villabostele.com\/de\/wp-json\/wp\/v2\/pages\/510","targetHints":{"allow":["GET"]}}],"collection":[{"href":"https:\/\/villabostele.com\/de\/wp-json\/wp\/v2\/pages"}],"about":[{"href":"https:\/\/villabostele.com\/de\/wp-json\/wp\/v2\/types\/page"}],"author":[{"embeddable":true,"href":"https:\/\/villabostele.com\/de\/wp-json\/wp\/v2\/users\/1"}],"replies":[{"embeddable":true,"href":"https:\/\/villabostele.com\/de\/wp-json\/wp\/v2\/comments?post=510"}],"version-history":[{"count":18,"href":"https:\/\/villabostele.com\/de\/wp-json\/wp\/v2\/pages\/510\/revisions"}],"predecessor-version":[{"id":1940,"href":"https:\/\/villabostele.com\/de\/wp-json\/wp\/v2\/pages\/510\/revisions\/1940"}],"wp:attachment":[{"href":"https:\/\/villabostele.com\/de\/wp-json\/wp\/v2\/media?parent=510"}],"curies":[{"name":"wp","href":"https:\/\/api.w.org\/{rel}","templated":true}]}}