{"id":1842,"date":"2022-10-07T10:48:21","date_gmt":"2022-10-07T08:48:21","guid":{"rendered":"https:\/\/villabostele.com\/?page_id=1842"},"modified":"2022-10-24T15:48:16","modified_gmt":"2022-10-24T13:48:16","slug":"home","status":"publish","type":"page","link":"https:\/\/villabostele.com\/sl\/","title":{"rendered":"Doma\u010da stran"},"content":{"rendered":"\n<section id=\"\" class=\"hero\">\n\t<div class=\"video\">\n\t\t<video poster=\"\" autoplay loop muted playsinline>\n\t\t\t<source src=\"https:\/\/villabostele.com\/wp-content\/uploads\/2022\/10\/index_footage_2.mp4\" type=\"video\/mp4\">\n\t\t<\/video>\n\t<\/div>\n\t<div class=\"content\">\n\t\t<div class=\"container\">\n\t\t\t<div class=\"row\">\n\t\t\t\t<div class=\"flex\">\n\t\t\t\t\t<div class=\"wrapper\">\n\t\t\t\t\t\t<h1>Pozdravljeni in dobrodo\u0161li v Vili Bostele!<\/h1>\n<p>Va\u0161e najljub\u0161e po\u010ditni\u0161ko mesto na son\u010dni strani v ju\u017enih Alpah. Udobne in prijetne sobe, zasebni spa in o\u010darljiv panoramski razgled.<\/p>\n<p>                        <a href=\"#about\">Odkrijte Vilo Bostele!<\/a><\/p>\n\t\t\t\t\t<\/div>\n\t\t\t\t<\/div>\n\t\t\t<\/div>\n\t\t<\/div>\n\t<\/div>\n\t<div class=\"separator\">\n\t\t<div class=\"line\"><\/div>\n\t<\/div>\n<\/section>\n\n\n\n<section id=\"about\" class=\"about\">\n\t<div class=\"container\">\n\t\t<div class=\"row\">\n\t\t\t<div class=\"flex\">\n\t\t\t\t<div class=\"image\">\n\t\t\t\t\t<a href=\"https:\/\/www.youtube.com\/watch?v=TkT8YsRDyu8\">\n\t\t\t\t\t\t                            <img decoding=\"async\" src=\"https:\/\/villabostele.com\/wp-content\/uploads\/2022\/10\/Video1x-1.png\"  srcset=\"https:\/\/villabostele.com\/wp-content\/uploads\/2022\/10\/Video2x-1.png 2x\"  alt=\"\" \/>\n\t\t\t\t\t\t                    <\/a>\n\t\t\t\t<\/div>\n\t\t\t\t<div class=\"text\">\n\t\t\t\t\t<h2>Dru\u017eina Bostele<\/h2>\n<p>Smo slovenska dru\u017eina s pode\u017eelskimi koreninami in tradicijo sonaravnega kmetijstva, ki je \u017ee ve\u010d generacij specializirana za vinarstvo ter gojenje paradi\u017enika in sadja pod lastnimi blagovnimi znamkami.<\/p>\n<p>V na\u0161i vili bomo poskrbeli za va\u0161e dobro po\u010dutje.<\/p>\n\t\t\t\t\t\t\t\t\t\t\t<div class=\"button\">\n\t\t\t\t\t\t\t<a href=\"https:\/\/villabostele.com\/sl\/vila\/\" target=\"_self\" class=\"btn white\">Odkrijte vilo!<\/a>\n\t\t\t\t\t\t<\/div>\n\t\t\t\t\t\t\t\t\t<\/div>\n\t\t\t<\/div>\n\t\t<\/div>\n\t<\/div>\n<\/section>\n\n\n\n<section id=\"\" class=\"offers\">\n\t<div class=\"decoration-top\"><\/div>\n\t<div class=\"container\">\n\t\t<div class=\"row\">\n\t\t\t<div class=\"flex\">\n\t\t\t\t<div class=\"title\">\n\t\t\t\t\t<h2>Vila Bostele<\/h2>\n\t\t\t\t<\/div>\n\t\t\t\t<div class=\"text\">\n\t\t\t\t\t<p>Vila Bostele se nahaja na odli\u010dni lokaciji s \u010dudovitim panoramskim pogledom na celotno dolino in mesto Bad Kleinkirchheim. Vilo je zgradil znani nem\u0161ki poslovne\u017e  kot fuzijo tradicionalne lokalne arhitekture z uporabo dragih materialov in ekskluzivnega pohi\u0161tva.<\/p>\n\t\t\t\t<\/div>\n\t\t\t<\/div>\n\t\t\t<div class=\"separator\"><\/div>\n\t\t\t<div class=\"list\">\n\t\t\t\t<div class=\"texts\">\n\t\t\t\t\t\t\t\t\t\t\t\t\t<div class=\"text\">Poi\u0161\u010dite udobje v \u010dudovitih sobah, ki lahko sprejmejo od  12 do 16 oseb.<\/div>\n\t\t\t\t\t\t\t\t\t\t\t\t\t\t\t\t<div class=\"text\">Luksuzni wellness  s finsko in tur\u0161ko savno<\/div>\n\t\t\t\t\t\t\t\t\t\t\t\t\t\t\t\t<div class=\"text\">Velik bazen z razli\u010dnimi vodnimi masa\u017eami in protitokovi<\/div>\n\t\t\t\t\t\t\t\t\t\t\t\t\t\t\t\t<div class=\"text\">Lepe terase in velik vrt<\/div>\n\t\t\t\t\t\t\t\t\t\t\t\t\t\t\t\t<div class=\"text\">Popolnoma opremljene kuhinje, pivski bar in zasebno vinsko klet<\/div>\n\t\t\t\t\t\t\t\t\t\t\t\t<\/div>\n\t\t\t\t<div class=\"images\">\n\t\t\t\t\t<img decoding=\"async\" src=\"https:\/\/villabostele.com\/wp-content\/themes\/bostele\/assets\/img\/offer_bg_image_1.png\" srcset=\"https:\/\/villabostele.com\/wp-content\/themes\/bostele\/assets\/img\/offer_bg_image_1@2x.png 2x\" alt=\"\" \/>\n\t\t\t\t\t<img decoding=\"async\" src=\"https:\/\/villabostele.com\/wp-content\/themes\/bostele\/assets\/img\/offer_bg_image_2.png\" srcset=\"https:\/\/villabostele.com\/wp-content\/themes\/bostele\/assets\/img\/offer_bg_image_2@2x.png 2x\" alt=\"\" \/>\n\t\t\t\t\t<img decoding=\"async\" src=\"https:\/\/villabostele.com\/wp-content\/themes\/bostele\/assets\/img\/offer_bg_image_3.png\" srcset=\"https:\/\/villabostele.com\/wp-content\/themes\/bostele\/assets\/img\/offer_bg_image_3@2x.png 2x\" alt=\"\" \/>\n\t\t\t\t\t<img decoding=\"async\" src=\"https:\/\/villabostele.com\/wp-content\/themes\/bostele\/assets\/img\/offer_bg_image_4.png\" srcset=\"https:\/\/villabostele.com\/wp-content\/themes\/bostele\/assets\/img\/offer_bg_image_4@2x.png 2x\" alt=\"\" \/>\n\t\t\t\t<\/div>\n\t\t\t\t<div class=\"decoration\"><\/div>\n\t\t\t<\/div>\n\t\t<\/div>\n\t<\/div>\n<\/section>\n\n\n\n<section id=\"\" class=\"review alt-1\">\n\t<div class=\"decoration-1\"><\/div>\n\t<div class=\"decoration-2\"><\/div>\n\t<div class=\"decoration-3\"><\/div>\n\t<div class=\"decoration-4\"><\/div>\n\t<div class=\"wrapper\">\n\t\t\t\t\t<img decoding=\"async\" src=\"https:\/\/villabostele.com\/wp-content\/uploads\/2022\/09\/review.jpg\"  srcset=\"https:\/\/villabostele.com\/wp-content\/uploads\/2022\/09\/review@2x-scaled.jpg 2x\"  alt=\"\" \/>\n\t\t\t\t<div class=\"content\">\n\t\t\t<div class=\"container\">\n\t\t\t\t<div class=\"row\">\n\t\t\t\t\t<div class=\"flex\">\n\t\t\t\t\t\t<div class=\"text\">&#8220;Kak\u0161en dan! Te proge so \u010dudovite &#8230;&#8221;<\/div>\n\t\t\t\t\t\t<div class=\"text\">&#8220;Vsa dru\u017eina skupaj! Son\u010dni dnevi, polni aktivnosti in zabave. Napolnjeni  z energijo in pripravljeni na preostanek leta.&#8221;<\/div>\n\t\t\t\t\t<\/div>\n\t\t\t\t<\/div>\n\t\t\t<\/div>\n\t\t<\/div>\n\t<\/div>\n<\/section>\n\n\n\n\n<section id=\"\" class=\"slider\">\n\t<div class=\"slider-wrapper\">\n\t\t\t\t\t\t\t<div class=\"slide\">\n\t\t\t\t\t\t<div class=\"wrapper top\">\n\t\t\t\t\t\t\t\t\t\t\t\t\t\t\t<div class=\"item left\">\n                                    <a href=\"https:\/\/villabostele.com\/wp-content\/uploads\/2022\/10\/Image2x-1.jpg\">\n                                        <img decoding=\"async\" src=\"https:\/\/villabostele.com\/wp-content\/uploads\/2022\/10\/Image1x-1.jpg\"  srcset=\"https:\/\/villabostele.com\/wp-content\/uploads\/2022\/10\/Image2x-1.jpg 2x\"  alt=\"\" \/>\n                                    <\/a>\n\t\t\t\t\t\t\t\t<\/div>\n\t\t\t\t\t\t\t\t\t\t\t\t\t\t\t\t\t\t\t\t\t\t<div class=\"item right\">\n                                    <a href=\"https:\/\/villabostele.com\/wp-content\/uploads\/2022\/09\/Image2x-2.png\">\n                                        <img decoding=\"async\" src=\"https:\/\/villabostele.com\/wp-content\/uploads\/2022\/09\/Image-2.png\"  srcset=\"https:\/\/villabostele.com\/wp-content\/uploads\/2022\/09\/Image2x-2.png 2x\"  alt=\"\" \/>\n                                    <\/a>\n\t\t\t\t\t\t\t\t<\/div>\n\t\t\t\t\t\t\t\t\t\t\t\t\t<\/div>\n\t\t\t\t\t<\/div>\n\t\t\t\t\t\t\t\t\t<div class=\"slide\">\n\t\t\t\t\t\t<div class=\"wrapper bottom\">\n\t\t\t\t\t\t\t\t\t\t\t\t\t\t\t<div class=\"item right\">\n                                    <a href=\"https:\/\/villabostele.com\/wp-content\/uploads\/2022\/09\/Image2x-3.png\">\n                                        <img decoding=\"async\" src=\"https:\/\/villabostele.com\/wp-content\/uploads\/2022\/09\/Image-3.png\"  srcset=\"https:\/\/villabostele.com\/wp-content\/uploads\/2022\/09\/Image2x-3.png 2x\"  alt=\"\" \/>\n                                    <\/a>\n\t\t\t\t\t\t\t\t<\/div>\n\t\t\t\t\t\t\t\t\t\t\t\t\t\t\t\t\t\t\t\t\t\t<div class=\"item left\">\n                                    <a href=\"https:\/\/villabostele.com\/wp-content\/uploads\/2022\/09\/Image2x-4.png\">\n                                        <img decoding=\"async\" src=\"https:\/\/villabostele.com\/wp-content\/uploads\/2022\/09\/Image-4.png\"  srcset=\"https:\/\/villabostele.com\/wp-content\/uploads\/2022\/09\/Image2x-4.png 2x\"  alt=\"\" \/>\n                                    <\/a>\n\t\t\t\t\t\t\t\t<\/div>\n\t\t\t\t\t\t\t\t\t\t\t\t\t<\/div>\n\t\t\t\t\t<\/div>\n\t\t\t\t\t\t\t\t\t<div class=\"slide\">\n\t\t\t\t\t\t<div class=\"wrapper middle\">\n\t\t\t\t\t\t\t\t\t\t\t\t\t\t\t<div class=\"item left\">\n                                    <a href=\"https:\/\/villabostele.com\/wp-content\/uploads\/2022\/09\/Image2x-5.png\">\n                                        <img decoding=\"async\" src=\"https:\/\/villabostele.com\/wp-content\/uploads\/2022\/09\/Image-5.png\"  srcset=\"https:\/\/villabostele.com\/wp-content\/uploads\/2022\/09\/Image2x-5.png 2x\"  alt=\"\" \/>\n                                    <\/a>\n\t\t\t\t\t\t\t\t<\/div>\n\t\t\t\t\t\t\t\t\t\t\t\t\t\t\t\t\t\t\t\t\t\t<div class=\"item center\">\n                                    <a href=\"https:\/\/villabostele.com\/wp-content\/uploads\/2022\/09\/bostele-2x.png\">\n                                        <img decoding=\"async\" src=\"https:\/\/villabostele.com\/wp-content\/uploads\/2022\/09\/bostele.png\"  srcset=\"https:\/\/villabostele.com\/wp-content\/uploads\/2022\/09\/bostele-2x.png 2x\"  alt=\"\" \/>\n                                    <\/a>\n\t\t\t\t\t\t\t\t<\/div>\n\t\t\t\t\t\t\t\t\t\t\t\t\t<\/div>\n\t\t\t\t\t<\/div>\n\t\t\t\t\t\t\t\t\t<div class=\"slide\">\n\t\t\t\t\t\t<div class=\"wrapper middle\">\n\t\t\t\t\t\t\t\t\t\t\t\t\t\t\t<div class=\"item left\">\n                                    <a href=\"https:\/\/villabostele.com\/wp-content\/uploads\/2022\/09\/slide_4@2x.jpg\">\n                                        <img decoding=\"async\" src=\"https:\/\/villabostele.com\/wp-content\/uploads\/2022\/09\/slide_4.jpg\"  srcset=\"https:\/\/villabostele.com\/wp-content\/uploads\/2022\/09\/slide_4@2x.jpg 2x\"  alt=\"\" \/>\n                                    <\/a>\n\t\t\t\t\t\t\t\t<\/div>\n\t\t\t\t\t\t\t\t\t\t\t\t\t\t\t\t\t\t\t\t<\/div>\n\t\t\t\t\t<\/div>\n\t\t\t\t\t<\/div>\n<\/section>\n\n\n\n<section id=\"\" class=\"visit\">\n\t<div class=\"container\">\n\t\t<div class=\"row\">\n\t\t\t<div class=\"flex\">\n\t\t\t\t<div class=\"text\">\n\t\t\t\t\t<h2>Bad Kleinkircheim &nbsp;ponuja:<\/h2>\n\t\t\t\t\t<div class=\"list\">\n\t\t\t\t\t\t\t\t\t\t\t\t\t\t<div class=\"item\">110 kilometrov prelepih smu\u010di\u0161\u010d<\/div>\n\t\t\t\t\t\t\t\t\t\t\t\t\t\t\t<div class=\"item\">Sede\u017enica le 250 m od Vile Bostele<\/div>\n\t\t\t\t\t\t\t\t\t\t\t\t\t\t\t<div class=\"item\">Zgodovinsko zdravili\u0161\u010de z dolgoletno tradicijo<\/div>\n\t\t\t\t\t\t\t\t\t\t\t\t\t\t\t<div class=\"item\">Golf<\/div>\n\t\t\t\t\t\t\t\t\t\t\t\t\t\t\t<div class=\"item\">O\u010darljivo naravo Koro\u0161kih Alp<\/div>\n\t\t\t\t\t\t\t\t\t\t\t\t\t\t\t<div class=\"item\">Edinstveno doma\u010do avstrijsko kuhinjo<\/div>\n\t\t\t\t\t\t\t\t\t\t\t\t<\/div>\n\t\t\t\t\t\t\t\t\t\t\t<div class=\"button\">\n\t\t\t\t\t\t\t<a href=\"https:\/\/villabostele.com\/sl\/aktivnosti\/\" target=\"_self\" class=\"btn blue\">Odkrijte ve\u010d!<\/a>\n\t\t\t\t\t\t<\/div>\n\t\t\t\t\t\t\t\t\t<\/div>\n\t\t\t\t<div class=\"image\">\n\t\t\t\t\t\t\t\t\t\t\t<img decoding=\"async\" src=\"https:\/\/villabostele.com\/wp-content\/uploads\/2022\/10\/visit@1x.jpg\"  srcset=\"https:\/\/villabostele.com\/wp-content\/uploads\/2022\/10\/visit@2x.jpg 2x\"  alt=\"\" \/>\n\t\t\t\t\t\t\t\t\t<\/div>\n\t\t\t<\/div>\n\t\t<\/div>\n\t<\/div>\n<\/section>\n\n\n\n\n<section id=\"\" class=\"map\">\n\t<div id=\"map\" class=\"map\"><\/div>\n\t<link href=\"https:\/\/api.mapbox.com\/mapbox-gl-js\/v2.9.1\/mapbox-gl.css\" rel=\"stylesheet\">\n\t<script src=\"https:\/\/api.mapbox.com\/mapbox-gl-js\/v2.9.1\/mapbox-gl.js\"><\/script>\n\t<script>\n        mapboxgl.accessToken = 'pk.eyJ1IjoiYnlkaW9yYW1hIiwiYSI6ImNrYmc0MGxydTA0ZnQycnAzcW1hNmtuNWoifQ.Mx6ymEhWyAk-zLPD1uk7RA';\n        const map = new mapboxgl.Map({\n            container: 'map', \/\/ container ID\n            style: 'mapbox:\/\/styles\/bydiorama\/cl7szmbyt000415n0hx45l3xs', \/\/ style URL\n            center: [13.7528, 46.8347], \/\/ starting position [lng, lat]\n            zoom: 11, \/\/ starting zoom\n            cooperativeGestures: true,\n        });\n\n        map.scrollZoom.disable();\n        map.on('load', () => {\n            map.resize();\n        });\n        map.addControl(new mapboxgl.NavigationControl());\n\n\n        let mainPin = document.createElement('div');\n        mainPin.className = 'marker';\n        mainPin.style.backgroundImage = 'url(https:\/\/villabostele.com\/wp-content\/themes\/bostele\/assets\/img\/Marker@2x.png)';\n        mainPin.style.backgroundSize = 'contain';\n        mainPin.style.backgroundRepeat = 'no-repeat';\n        mainPin.style.width = '124px';\n        mainPin.style.height = '94px';\n        new mapboxgl.Marker(mainPin).setLngLat([13.7528, 46.8347]).addTo(map);\n\t<\/script>\n\t<div class=\"content\">\n\t\t<div class=\"decoration\"><\/div>\n\t\t<div class=\"container\">\n\t\t\t<div class=\"row\">\n\t\t\t\t<div class=\"flex\">\n\t\t\t\t\t<div class=\"text\">\n\t\t\t\t\t\t<h2>Najbolj son\u010dna regija v Avstriji<\/h2>\n<p>Vila Bostele se nahaja v osr\u010dju Koro\u0161kih Alp v zdravili\u0161kem mestu Bad Kleinkirchheim. Zgodovinsko zdravili\u0161\u010de z dolgoletno tradicijo ponuja \u010darobno kombinacijo spro\u0161\u010dujo\u010dega, dru\u017eabnega in aktivnega \u017eivljenjskega sloga skozi vse leto.<\/p>\n\t\t\t\t\t<\/div>\n\t\t\t\t<\/div>\n\t\t\t<\/div>\n\t\t<\/div>\n\t<\/div>\n<\/section>\n","protected":false},"excerpt":{"rendered":"","protected":false},"author":2,"featured_media":0,"parent":0,"menu_order":0,"comment_status":"closed","ping_status":"closed","template":"","meta":{"inline_featured_image":false,"footnotes":""},"class_list":["post-1842","page","type-page","status-publish","hentry"],"acf":[],"yoast_head":"<!-- This site is optimized with the Yoast SEO plugin v19.9 - https:\/\/yoast.com\/wordpress\/plugins\/seo\/ -->\n<title>Doma\u010da stran - Villa Bostele<\/title>\n<meta name=\"robots\" content=\"index, follow, max-snippet:-1, max-image-preview:large, max-video-preview:-1\" \/>\n<link rel=\"canonical\" href=\"https:\/\/villabostele.com\/sl\/\" \/>\n<meta property=\"og:locale\" content=\"sl_SI\" \/>\n<meta property=\"og:type\" content=\"article\" \/>\n<meta property=\"og:title\" content=\"Doma\u010da stran - Villa Bostele\" \/>\n<meta property=\"og:url\" content=\"https:\/\/villabostele.com\/sl\/\" \/>\n<meta property=\"og:site_name\" content=\"Villa Bostele\" \/>\n<meta property=\"article:modified_time\" content=\"2022-10-24T13:48:16+00:00\" \/>\n<meta property=\"og:image\" content=\"https:\/\/villabostele.com\/wp-content\/uploads\/2022\/09\/ShareImage-D.png\" \/>\n\t<meta property=\"og:image:width\" content=\"1200\" \/>\n\t<meta property=\"og:image:height\" content=\"628\" \/>\n\t<meta property=\"og:image:type\" content=\"image\/png\" \/>\n<meta name=\"twitter:card\" content=\"summary_large_image\" \/>\n<script type=\"application\/ld+json\" class=\"yoast-schema-graph\">{\"@context\":\"https:\/\/schema.org\",\"@graph\":[{\"@type\":\"WebPage\",\"@id\":\"https:\/\/villabostele.com\/sl\/\",\"url\":\"https:\/\/villabostele.com\/sl\/\",\"name\":\"Doma\u010da stran - Villa Bostele\",\"isPartOf\":{\"@id\":\"https:\/\/villabostele.com\/#website\"},\"datePublished\":\"2022-10-07T08:48:21+00:00\",\"dateModified\":\"2022-10-24T13:48:16+00:00\",\"breadcrumb\":{\"@id\":\"https:\/\/villabostele.com\/sl\/#breadcrumb\"},\"inLanguage\":\"sl-SI\",\"potentialAction\":[{\"@type\":\"ReadAction\",\"target\":[\"https:\/\/villabostele.com\/sl\/\"]}]},{\"@type\":\"BreadcrumbList\",\"@id\":\"https:\/\/villabostele.com\/sl\/#breadcrumb\",\"itemListElement\":[{\"@type\":\"ListItem\",\"position\":1,\"name\":\"Home\",\"item\":\"https:\/\/villabostele.com\/sl\/\"},{\"@type\":\"ListItem\",\"position\":2,\"name\":\"Doma\u010da stran\"}]},{\"@type\":\"WebSite\",\"@id\":\"https:\/\/villabostele.com\/#website\",\"url\":\"https:\/\/villabostele.com\/\",\"name\":\"Villa Bostele\",\"description\":\"Len \u010fal\u0161ia WordPress str\u00e1nka\",\"potentialAction\":[{\"@type\":\"SearchAction\",\"target\":{\"@type\":\"EntryPoint\",\"urlTemplate\":\"https:\/\/villabostele.com\/?s={search_term_string}\"},\"query-input\":\"required name=search_term_string\"}],\"inLanguage\":\"sl-SI\"}]}<\/script>\n<!-- \/ Yoast SEO plugin. -->","yoast_head_json":{"title":"Doma\u010da stran - Villa Bostele","robots":{"index":"index","follow":"follow","max-snippet":"max-snippet:-1","max-image-preview":"max-image-preview:large","max-video-preview":"max-video-preview:-1"},"canonical":"https:\/\/villabostele.com\/sl\/","og_locale":"sl_SI","og_type":"article","og_title":"Doma\u010da stran - Villa Bostele","og_url":"https:\/\/villabostele.com\/sl\/","og_site_name":"Villa Bostele","article_modified_time":"2022-10-24T13:48:16+00:00","og_image":[{"width":1200,"height":628,"url":"https:\/\/villabostele.com\/wp-content\/uploads\/2022\/09\/ShareImage-D.png","type":"image\/png"}],"twitter_card":"summary_large_image","schema":{"@context":"https:\/\/schema.org","@graph":[{"@type":"WebPage","@id":"https:\/\/villabostele.com\/sl\/","url":"https:\/\/villabostele.com\/sl\/","name":"Doma\u010da stran - Villa Bostele","isPartOf":{"@id":"https:\/\/villabostele.com\/#website"},"datePublished":"2022-10-07T08:48:21+00:00","dateModified":"2022-10-24T13:48:16+00:00","breadcrumb":{"@id":"https:\/\/villabostele.com\/sl\/#breadcrumb"},"inLanguage":"sl-SI","potentialAction":[{"@type":"ReadAction","target":["https:\/\/villabostele.com\/sl\/"]}]},{"@type":"BreadcrumbList","@id":"https:\/\/villabostele.com\/sl\/#breadcrumb","itemListElement":[{"@type":"ListItem","position":1,"name":"Home","item":"https:\/\/villabostele.com\/sl\/"},{"@type":"ListItem","position":2,"name":"Doma\u010da stran"}]},{"@type":"WebSite","@id":"https:\/\/villabostele.com\/#website","url":"https:\/\/villabostele.com\/","name":"Villa Bostele","description":"Len \u010fal\u0161ia WordPress str\u00e1nka","potentialAction":[{"@type":"SearchAction","target":{"@type":"EntryPoint","urlTemplate":"https:\/\/villabostele.com\/?s={search_term_string}"},"query-input":"required name=search_term_string"}],"inLanguage":"sl-SI"}]}},"_links":{"self":[{"href":"https:\/\/villabostele.com\/sl\/wp-json\/wp\/v2\/pages\/1842","targetHints":{"allow":["GET"]}}],"collection":[{"href":"https:\/\/villabostele.com\/sl\/wp-json\/wp\/v2\/pages"}],"about":[{"href":"https:\/\/villabostele.com\/sl\/wp-json\/wp\/v2\/types\/page"}],"author":[{"embeddable":true,"href":"https:\/\/villabostele.com\/sl\/wp-json\/wp\/v2\/users\/2"}],"replies":[{"embeddable":true,"href":"https:\/\/villabostele.com\/sl\/wp-json\/wp\/v2\/comments?post=1842"}],"version-history":[{"count":12,"href":"https:\/\/villabostele.com\/sl\/wp-json\/wp\/v2\/pages\/1842\/revisions"}],"predecessor-version":[{"id":1943,"href":"https:\/\/villabostele.com\/sl\/wp-json\/wp\/v2\/pages\/1842\/revisions\/1943"}],"wp:attachment":[{"href":"https:\/\/villabostele.com\/sl\/wp-json\/wp\/v2\/media?parent=1842"}],"curies":[{"name":"wp","href":"https:\/\/api.w.org\/{rel}","templated":true}]}}