{"id":1849,"date":"2022-10-07T11:06:22","date_gmt":"2022-10-07T09:06:22","guid":{"rendered":"https:\/\/villabostele.com\/?page_id=1849"},"modified":"2022-10-07T11:13:47","modified_gmt":"2022-10-07T09:13:47","slug":"vila","status":"publish","type":"page","link":"https:\/\/villabostele.com\/sl\/vila\/","title":{"rendered":"Vila"},"content":{"rendered":"\n<section id=\"\" class=\"page-hero alt-1\">\n\t<div class=\"container\">\n\t\t<div class=\"row\">\n\t\t\t<div class=\"flex\">\n\t\t\t\t<div class=\"text\">\n\t\t\t\t\t<h1>Vila Bostele<\/h1>\n<p>Vila Bostele se nahaja na odli\u010dni lokaciji s \u010dudovitim panoramskim pogledom na celotno dolino in mesto Bad Kleinkirchheim. Vilo je zgradil znani nem\u0161ki poslovne\u017e kot fuzijo tradicionalne lokalne arhitekture z uporabo dragih materialov in ekskluzivnega pohi\u0161tva.<\/p>\n\t\t\t\t<\/div>\n\t\t\t\t<div class=\"image\">\n\t\t\t\t\t\t\t\t\t\t\t<img decoding=\"async\" src=\"https:\/\/villabostele.com\/wp-content\/uploads\/2022\/09\/Image-6.png\"  srcset=\"https:\/\/villabostele.com\/wp-content\/uploads\/2022\/09\/Image2x-6.png 2x\"  alt=\"\" \/>\n\t\t\t\t\t\t\t\t\t<\/div>\n\t\t\t<\/div>\n\t\t<\/div>\n\t<\/div>\n<\/section>\n\n\n\n<section id=\"\" class=\"rooms\">\n\t<div class=\"container\">\n\t\t<div class=\"row\">\n\t\t\t<div class=\"text\">\n\t\t\t\t<h2>Popoln kraj za dru\u017einske po\u010ditnice<\/h2>\n<p>Vila je idealen kraj za dru\u017einske po\u010ditnice. Na\u0161e \u010dudovite sobe s kopalnicami lahko sprejmejo od  12 do 16 oseb.<\/p>\n\t\t\t<\/div>\n\t\t\t<div class=\"galleries\">\n\t\t\t\t<div class=\"item\">\n\t\t\t\t\t<div class=\"wrapper\">\n\t\t\t\t\t\t<div class=\"image\">\n\t\t\t\t\t\t\t\t\t\t\t\t\t\t\t<img decoding=\"async\" src=\"https:\/\/villabostele.com\/wp-content\/uploads\/2022\/09\/slide_1@1x.png\"  srcset=\"https:\/\/villabostele.com\/wp-content\/uploads\/2022\/09\/slide_1@2x.png 2x\"  alt=\"\" \/>\n\t\t\t\t\t\t\t\t\t\t\t\t\t\t<div class=\"hover\">odpri galerijo<\/div>\n\t\t\t\t\t\t<\/div>\n\t\t\t\t\t\t<div class=\"name\">Glavna spalnica<\/div>\n\t\t\t\t\t<\/div>\n\t\t\t\t\t<div class=\"images\">\n\t\t\t\t\t\t\t\t\t\t\t\t\t\t\t\t\t\t\t\t\t<a href=\"https:\/\/villabostele.com\/wp-content\/uploads\/2022\/09\/RM_07631.jpg\"><\/a>\n\t\t\t\t\t\t\t\t\t\t\t\t\t\t\t<a href=\"https:\/\/villabostele.com\/wp-content\/uploads\/2022\/09\/RM_07609.jpg\"><\/a>\n\t\t\t\t\t\t\t\t\t\t\t\t\t\t\t<a href=\"https:\/\/villabostele.com\/wp-content\/uploads\/2022\/09\/RM_07614.jpg\"><\/a>\n\t\t\t\t\t\t\t\t\t\t\t\t\t\t\t<a href=\"https:\/\/villabostele.com\/wp-content\/uploads\/2022\/09\/RM_07623.jpg\"><\/a>\n\t\t\t\t\t\t\t\t\t\t\t\t\t\t\t<a href=\"https:\/\/villabostele.com\/wp-content\/uploads\/2022\/09\/RM_07633.jpg\"><\/a>\n\t\t\t\t\t\t\t\t\t\t\t\t\t\t\t<a href=\"https:\/\/villabostele.com\/wp-content\/uploads\/2022\/09\/RM_07546.jpg\"><\/a>\n\t\t\t\t\t\t\t\t\t\t\t\t\t\t\t<a href=\"https:\/\/villabostele.com\/wp-content\/uploads\/2022\/09\/RM_07575.jpg\"><\/a>\n\t\t\t\t\t\t\t\t\t\t\t\t\t\t\t<a href=\"https:\/\/villabostele.com\/wp-content\/uploads\/2022\/09\/RM_07695.jpg\"><\/a>\n\t\t\t\t\t\t\t\t\t\t\t\t\t\t\t<a href=\"https:\/\/villabostele.com\/wp-content\/uploads\/2022\/09\/RM_07703.jpg\"><\/a>\n\t\t\t\t\t\t\t\t\t\t\t\t\t\t\t<a href=\"https:\/\/villabostele.com\/wp-content\/uploads\/2022\/09\/RM_07725.jpg\"><\/a>\n\t\t\t\t\t\t\t\t\t\t\t\t\t\t\t<a href=\"https:\/\/villabostele.com\/wp-content\/uploads\/2022\/09\/RM_07739.jpg\"><\/a>\n\t\t\t\t\t\t\t\t\t\t\t\t\t\t\t\t\t\t<\/div>\n\t\t\t\t<\/div>\n\t\t\t\t<div class=\"item\">\n\t\t\t\t\t<div class=\"wrapper\">\n\t\t\t\t\t\t<div class=\"image\">\n\t\t\t\t\t\t\t\t\t\t\t\t\t\t\t<img decoding=\"async\" src=\"https:\/\/villabostele.com\/wp-content\/uploads\/2022\/09\/RM_07642-HDR.jpg\"  srcset=\"https:\/\/villabostele.com\/wp-content\/uploads\/2022\/09\/RM_07642-HDR.jpg 2x\"  alt=\"\" \/>\n\t\t\t\t\t\t\t\t\t\t\t\t\t\t<div class=\"hover\">odpri galerijo<\/div>\n\t\t\t\t\t\t<\/div>\n\t\t\t\t\t\t<div class=\"name\">Sobe za goste<\/div>\n\t\t\t\t\t<\/div>\n\t\t\t\t\t<div class=\"images\">\n\t\t\t\t\t\t\t\t\t\t\t\t\t\t\t\t\t\t\t\t\t<a href=\"https:\/\/villabostele.com\/wp-content\/uploads\/2022\/09\/RM_08032.jpg\"><\/a>\n\t\t\t\t\t\t\t\t\t\t\t\t\t\t\t<a href=\"https:\/\/villabostele.com\/wp-content\/uploads\/2022\/09\/RM_07743.jpg\"><\/a>\n\t\t\t\t\t\t\t\t\t\t\t\t\t\t\t<a href=\"https:\/\/villabostele.com\/wp-content\/uploads\/2022\/09\/RM_07762.jpg\"><\/a>\n\t\t\t\t\t\t\t\t\t\t\t\t\t\t\t<a href=\"https:\/\/villabostele.com\/wp-content\/uploads\/2022\/09\/RM_07642-HDR-1.jpg\"><\/a>\n\t\t\t\t\t\t\t\t\t\t\t\t\t\t\t<a href=\"https:\/\/villabostele.com\/wp-content\/uploads\/2022\/09\/RM_07659.jpg\"><\/a>\n\t\t\t\t\t\t\t\t\t\t\t\t\t\t\t<a href=\"https:\/\/villabostele.com\/wp-content\/uploads\/2022\/09\/RM_06981-Guest-room-2.jpg\"><\/a>\n\t\t\t\t\t\t\t\t\t\t\t\t\t\t\t<a href=\"https:\/\/villabostele.com\/wp-content\/uploads\/2022\/09\/RM_06976-Guest-room-1.jpg\"><\/a>\n\t\t\t\t\t\t\t\t\t\t\t\t\t\t\t<a href=\"https:\/\/villabostele.com\/wp-content\/uploads\/2022\/09\/RM_07973.jpg\"><\/a>\n\t\t\t\t\t\t\t\t\t\t\t\t\t\t\t<a href=\"https:\/\/villabostele.com\/wp-content\/uploads\/2022\/09\/RM_07992.jpg\"><\/a>\n\t\t\t\t\t\t\t\t\t\t\t\t\t\t\t<a href=\"https:\/\/villabostele.com\/wp-content\/uploads\/2022\/09\/RM_07911.jpg\"><\/a>\n\t\t\t\t\t\t\t\t\t\t\t\t\t\t\t<a href=\"https:\/\/villabostele.com\/wp-content\/uploads\/2022\/09\/RM_03146.jpg\"><\/a>\n\t\t\t\t\t\t\t\t\t\t\t\t\t\t\t<a href=\"https:\/\/villabostele.com\/wp-content\/uploads\/2022\/09\/RM_08024-Edit.jpg\"><\/a>\n\t\t\t\t\t\t\t\t\t\t\t\t\t\t\t\t\t\t<\/div>\n\t\t\t\t<\/div>\n\t\t\t\t<div class=\"item\">\n\t\t\t\t\t<div class=\"wrapper\">\n\t\t\t\t\t\t<div class=\"image\">\n\t\t\t\t\t\t\t\t\t\t\t\t\t\t\t<img decoding=\"async\" src=\"https:\/\/villabostele.com\/wp-content\/uploads\/2022\/09\/RM_07072.jpg\"  srcset=\"https:\/\/villabostele.com\/wp-content\/uploads\/2022\/09\/RM_07072.jpg 2x\"  alt=\"\" \/>\n\t\t\t\t\t\t\t\t\t\t\t\t\t\t<div class=\"hover\">odpri galerijo<\/div>\n\t\t\t\t\t\t<\/div>\n\t\t\t\t\t\t<div class=\"name\">Spa &#038; Vinska klet<\/div>\n\t\t\t\t\t<\/div>\n\t\t\t\t\t<div class=\"images\">\n\t\t\t\t\t\t\t\t\t\t\t\t\t\t\t\t\t\t\t\t\t<a href=\"https:\/\/villabostele.com\/wp-content\/uploads\/2022\/09\/RM_07069.jpg\"><\/a>\n\t\t\t\t\t\t\t\t\t\t\t\t\t\t\t<a href=\"https:\/\/villabostele.com\/wp-content\/uploads\/2022\/09\/RM_07375-HDR.jpg\"><\/a>\n\t\t\t\t\t\t\t\t\t\t\t\t\t\t\t<a href=\"https:\/\/villabostele.com\/wp-content\/uploads\/2022\/09\/RM_07096-HDR.jpg\"><\/a>\n\t\t\t\t\t\t\t\t\t\t\t\t\t\t\t<a href=\"https:\/\/villabostele.com\/wp-content\/uploads\/2022\/09\/RM_07072-1.jpg\"><\/a>\n\t\t\t\t\t\t\t\t\t\t\t\t\t\t\t<a href=\"https:\/\/villabostele.com\/wp-content\/uploads\/2022\/09\/RM_07059.jpg\"><\/a>\n\t\t\t\t\t\t\t\t\t\t\t\t\t\t\t<a href=\"https:\/\/villabostele.com\/wp-content\/uploads\/2022\/09\/RM_07040.jpg\"><\/a>\n\t\t\t\t\t\t\t\t\t\t\t\t\t\t\t<a href=\"https:\/\/villabostele.com\/wp-content\/uploads\/2022\/09\/RM_07126.jpg\"><\/a>\n\t\t\t\t\t\t\t\t\t\t\t\t\t\t\t<a href=\"https:\/\/villabostele.com\/wp-content\/uploads\/2022\/09\/RM_07120.jpg\"><\/a>\n\t\t\t\t\t\t\t\t\t\t\t\t\t\t\t<a href=\"https:\/\/villabostele.com\/wp-content\/uploads\/2022\/09\/RM_07111.jpg\"><\/a>\n\t\t\t\t\t\t\t\t\t\t\t\t\t\t\t<a href=\"https:\/\/villabostele.com\/wp-content\/uploads\/2022\/09\/RM_07399-HDR.jpg\"><\/a>\n\t\t\t\t\t\t\t\t\t\t\t\t\t\t\t\t\t\t<\/div>\n\t\t\t\t<\/div>\n\t\t\t\t<div class=\"decoration-1\"><\/div>\n\t\t\t\t<div class=\"decoration-2\"><\/div>\n\t\t\t<\/div>\n\t\t<\/div>\n\t<\/div>\n<\/section>\n\n\n\n<section id=\"\" class=\"slider\">\n\t<div class=\"slider-wrapper\">\n\t\t\t\t\t\t\t<div class=\"slide\">\n\t\t\t\t\t\t<div class=\"wrapper top\">\n\t\t\t\t\t\t\t\t\t\t\t\t\t\t\t<div class=\"item left\">\n                                    <a href=\"https:\/\/villabostele.com\/wp-content\/uploads\/2022\/09\/Image2x-7.png\">\n                                        <img decoding=\"async\" src=\"https:\/\/villabostele.com\/wp-content\/uploads\/2022\/09\/Image-7.png\"  srcset=\"https:\/\/villabostele.com\/wp-content\/uploads\/2022\/09\/Image2x-7.png 2x\"  alt=\"\" \/>\n                                    <\/a>\n\t\t\t\t\t\t\t\t<\/div>\n\t\t\t\t\t\t\t\t\t\t\t\t\t\t\t\t\t\t\t\t\t\t<div class=\"item center\">\n                                    <a href=\"https:\/\/villabostele.com\/wp-content\/uploads\/2022\/10\/Image2x-8.jpg\">\n                                        <img decoding=\"async\" src=\"https:\/\/villabostele.com\/wp-content\/uploads\/2022\/10\/Image1x-8.jpg\"  srcset=\"https:\/\/villabostele.com\/wp-content\/uploads\/2022\/10\/Image2x-8.jpg 2x\"  alt=\"\" \/>\n                                    <\/a>\n\t\t\t\t\t\t\t\t<\/div>\n\t\t\t\t\t\t\t\t\t\t\t\t\t<\/div>\n\t\t\t\t\t<\/div>\n\t\t\t\t\t\t\t\t\t<div class=\"slide\">\n\t\t\t\t\t\t<div class=\"wrapper bottom\">\n\t\t\t\t\t\t\t\t\t\t\t\t\t\t\t<div class=\"item right\">\n                                    <a href=\"https:\/\/villabostele.com\/wp-content\/uploads\/2022\/09\/Image2x-9.png\">\n                                        <img decoding=\"async\" src=\"https:\/\/villabostele.com\/wp-content\/uploads\/2022\/09\/Image-9.png\"  srcset=\"https:\/\/villabostele.com\/wp-content\/uploads\/2022\/09\/Image2x-9.png 2x\"  alt=\"\" \/>\n                                    <\/a>\n\t\t\t\t\t\t\t\t<\/div>\n\t\t\t\t\t\t\t\t\t\t\t\t\t\t\t\t\t\t\t\t\t\t<div class=\"item left\">\n                                    <a href=\"https:\/\/villabostele.com\/wp-content\/uploads\/2022\/09\/Image2x-10.png\">\n                                        <img decoding=\"async\" src=\"https:\/\/villabostele.com\/wp-content\/uploads\/2022\/09\/Image-10.png\"  srcset=\"https:\/\/villabostele.com\/wp-content\/uploads\/2022\/09\/Image2x-10.png 2x\"  alt=\"\" \/>\n                                    <\/a>\n\t\t\t\t\t\t\t\t<\/div>\n\t\t\t\t\t\t\t\t\t\t\t\t\t<\/div>\n\t\t\t\t\t<\/div>\n\t\t\t\t\t\t\t\t\t<div class=\"slide\">\n\t\t\t\t\t\t<div class=\"wrapper top\">\n\t\t\t\t\t\t\t\t\t\t\t\t\t\t\t<div class=\"item left\">\n                                    <a href=\"https:\/\/villabostele.com\/wp-content\/uploads\/2022\/09\/slide_5@2x.jpg\">\n                                        <img decoding=\"async\" src=\"https:\/\/villabostele.com\/wp-content\/uploads\/2022\/09\/slide_5.jpg\"  srcset=\"https:\/\/villabostele.com\/wp-content\/uploads\/2022\/09\/slide_5@2x.jpg 2x\"  alt=\"\" \/>\n                                    <\/a>\n\t\t\t\t\t\t\t\t<\/div>\n\t\t\t\t\t\t\t\t\t\t\t\t\t\t\t\t\t\t\t\t\t\t<div class=\"item left\">\n                                    <a href=\"https:\/\/villabostele.com\/wp-content\/uploads\/2022\/09\/Image2x-11.png\">\n                                        <img decoding=\"async\" src=\"https:\/\/villabostele.com\/wp-content\/uploads\/2022\/09\/Image-11.png\"  srcset=\"https:\/\/villabostele.com\/wp-content\/uploads\/2022\/09\/Image2x-11.png 2x\"  alt=\"\" \/>\n                                    <\/a>\n\t\t\t\t\t\t\t\t<\/div>\n\t\t\t\t\t\t\t\t\t\t\t\t\t<\/div>\n\t\t\t\t\t<\/div>\n\t\t\t\t\t\t\t\t\t<div class=\"slide\">\n\t\t\t\t\t\t<div class=\"wrapper middle\">\n\t\t\t\t\t\t\t\t\t\t\t\t\t\t\t<div class=\"item left\">\n                                    <a href=\"https:\/\/villabostele.com\/wp-content\/uploads\/2022\/09\/slide_3@2x.jpg\">\n                                        <img decoding=\"async\" src=\"https:\/\/villabostele.com\/wp-content\/uploads\/2022\/09\/slide_3.jpg\"  srcset=\"https:\/\/villabostele.com\/wp-content\/uploads\/2022\/09\/slide_3@2x.jpg 2x\"  alt=\"\" \/>\n                                    <\/a>\n\t\t\t\t\t\t\t\t<\/div>\n\t\t\t\t\t\t\t\t\t\t\t\t\t\t\t\t\t\t\t\t<\/div>\n\t\t\t\t\t<\/div>\n\t\t\t\t\t<\/div>\n<\/section>\n\n\n\n<section id=\"\" class=\"review alt-2\">\n\t<div class=\"decoration-1\"><\/div>\n\t<div class=\"decoration-2\"><\/div>\n\t<div class=\"decoration-3\"><\/div>\n\t<div class=\"decoration-4\"><\/div>\n\t<div class=\"wrapper\">\n\t\t\t\t\t<img decoding=\"async\" src=\"https:\/\/villabostele.com\/wp-content\/uploads\/2022\/09\/review.jpg\"  srcset=\"https:\/\/villabostele.com\/wp-content\/uploads\/2022\/09\/review@2x-scaled.jpg 2x\"  alt=\"\" \/>\n\t\t\t\t<div class=\"content\">\n\t\t\t<div class=\"container\">\n\t\t\t\t<div class=\"row\">\n\t\t\t\t\t<div class=\"flex\">\n\t\t\t\t\t\t<div class=\"text\">&#8220;Kak\u0161en dan! Te proge so \u010dudovite &#8230;&#8221;<\/div>\n\t\t\t\t\t\t<div class=\"text\">&#8220;Vsa dru\u017eina skupaj! Son\u010dni dnevi, polni aktivnosti in zabave. Napolnjeni  z energijo in pripravljeni na preostanek leta.&#8221;<\/div>\n\t\t\t\t\t<\/div>\n\t\t\t\t<\/div>\n\t\t\t<\/div>\n\t\t<\/div>\n\t<\/div>\n<\/section>\n\n\n\n\n<section id=\"\" class=\"benefits\">\n\t<div class=\"decoration\"><\/div>\n\t<div class=\"container\">\n\t\t<div class=\"row\">\n\t\t\t<div class=\"flex\">\n\t\t\t\t<div class=\"image\">\n                    <div class=\"slider\">\n\t                    \t\t\t                                                        <div class=\"slide\">\n                                        <img decoding=\"async\" src=\"https:\/\/villabostele.com\/wp-content\/uploads\/2022\/09\/benefits.jpg\"  srcset=\"https:\/\/villabostele.com\/wp-content\/uploads\/2022\/09\/benefits@2x.jpg 2x\"  alt=\"\" \/>\n                                    <\/div>\n\t\t\t                    \t\t                    \t\t\t                                                        <div class=\"slide\">\n                                        <img decoding=\"async\" src=\"https:\/\/villabostele.com\/wp-content\/uploads\/2022\/10\/benefits-garden@1x.jpg\"  srcset=\"https:\/\/villabostele.com\/wp-content\/uploads\/2022\/10\/benefits-garden@2x.png 2x\"  alt=\"\" \/>\n                                    <\/div>\n\t\t\t                    \t\t                    \t\t\t                                                        <div class=\"slide\">\n                                        <img decoding=\"async\" src=\"https:\/\/villabostele.com\/wp-content\/uploads\/2022\/10\/benefits-cellar@1x.jpg\"  srcset=\"https:\/\/villabostele.com\/wp-content\/uploads\/2022\/10\/benefits-cellar@2x.png 2x\"  alt=\"\" \/>\n                                    <\/div>\n\t\t\t                    \t\t                    \t\t\t                                                        <div class=\"slide\">\n                                        <img decoding=\"async\" src=\"https:\/\/villabostele.com\/wp-content\/uploads\/2022\/10\/benefits-terrace@1x.jpg\"  srcset=\"https:\/\/villabostele.com\/wp-content\/uploads\/2022\/10\/benefits-terrace@2x.png 2x\"  alt=\"\" \/>\n                                    <\/div>\n\t\t\t                    \t\t                    \t\t\t                                                        <div class=\"slide\">\n                                        <img decoding=\"async\" src=\"https:\/\/villabostele.com\/wp-content\/uploads\/2022\/10\/benefits-stove@1x.jpg\"  srcset=\"https:\/\/villabostele.com\/wp-content\/uploads\/2022\/10\/benefits-stove@2x.png 2x\"  alt=\"\" \/>\n                                    <\/div>\n\t\t\t                    \t\t                    \t\t\t                                                        <div class=\"slide\">\n                                        <img decoding=\"async\" src=\"https:\/\/villabostele.com\/wp-content\/uploads\/2022\/10\/benefits-garage@1x.jpg\"  srcset=\"https:\/\/villabostele.com\/wp-content\/uploads\/2022\/10\/benefits-garage@2x.png 2x\"  alt=\"\" \/>\n                                    <\/div>\n\t\t\t                    \t\t                                        <\/div>\n\t\t\t\t<\/div>\n\t\t\t\t<div class=\"items\">\n\t\t\t\t\t\t\t\t\t\t\t\t<div class=\"item\">\n\t\t\t\t\t\t\t\t<h2>Luksuzni wellness<\/h2>\n<p>Vila ponuja razko\u0161en wellness  s finsko in tur\u0161ko savno ter velikim bazenom z razli\u010dnimi vrstami vodnih masa\u017e in protitokovi.<\/p>\n\t\t\t\t\t\t\t<\/div>\n\t\t\t\t\t\t\t\t\t\t\t\t\t<div class=\"item\">\n\t\t\t\t\t\t\t\t<h2>Lepe terase in velik vrt<\/h2>\n<p>Poseben del vile so \u010dudovite vrtne terase, kjer se gostje lahko sprostijo ali organizirajo vrtno zabavo.<\/p>\n\t\t\t\t\t\t\t<\/div>\n\t\t\t\t\t\t\t\t\t\t\t\t\t<div class=\"item\">\n\t\t\t\t\t\t\t\t<h2>Pivnica in vinska klet<\/h2>\n<p>Vila ponuja popolnoma opremljene  kuhinje, pivski bar in edinstveno vinsko klet. <\/p>\n\t\t\t\t\t\t\t<\/div>\n\t\t\t\t\t\t\t\t\t\t\t\t\t<div class=\"item\">\n\t\t\t\t\t\t\t\t<h2>2 veliki terasi, ki pokrivata ve\u010d kot 600 m\u00b2<\/h2>\n<p>\u017de veste, da je na\u0161a regija najbolj son\u010dna v Avstriji, zato so na\u0161e terase kot nala\u0161\u010d za son\u010denje? U\u017eivajte v prijetni toploti alpskega sonca!<\/p>\n\t\t\t\t\t\t\t<\/div>\n\t\t\t\t\t\t\t\t\t\t\t\t\t<div class=\"item\">\n\t\t\t\t\t\t\t\t<h2>Odprti kamini in pe\u010di<\/h2>\n<p>Prijetno vzdu\u0161je v planinskih ko\u010dah pozimi dopolnjuje prasketanje kamina. Razi\u0161\u010dite jih.<\/p>\n\t\t\t\t\t\t\t<\/div>\n\t\t\t\t\t\t\t\t\t\t\t\t\t<div class=\"item\">\n\t\t\t\t\t\t\t\t<h2>Prostorna gara\u017ea za avtomobile in drugo<\/h2>\n<p>Zelo prakti\u010den del na\u0161e vile je prostorna gara\u017ea za va\u0161e avtomobile, kolesa, motorje ali skuterje. Pozimi je popoln prostor za shranjevanje va\u0161e smu\u010darske opreme.<\/p>\n\t\t\t\t\t\t\t<\/div>\n\t\t\t\t\t\t\t\t\t\t<\/div>\n\t\t\t<\/div>\n\t\t<\/div>\n\t<\/div>\n<\/section>\n","protected":false},"excerpt":{"rendered":"","protected":false},"author":2,"featured_media":0,"parent":0,"menu_order":0,"comment_status":"closed","ping_status":"closed","template":"","meta":{"inline_featured_image":false,"footnotes":""},"class_list":["post-1849","page","type-page","status-publish","hentry"],"acf":[],"yoast_head":"<!-- This site is optimized with the Yoast SEO plugin v19.9 - https:\/\/yoast.com\/wordpress\/plugins\/seo\/ -->\n<title>Vila - Villa Bostele<\/title>\n<meta name=\"robots\" content=\"index, follow, max-snippet:-1, max-image-preview:large, max-video-preview:-1\" \/>\n<link rel=\"canonical\" href=\"https:\/\/villabostele.com\/sl\/vila\/\" \/>\n<meta property=\"og:locale\" content=\"sl_SI\" \/>\n<meta property=\"og:type\" content=\"article\" \/>\n<meta property=\"og:title\" content=\"Vila - Villa Bostele\" \/>\n<meta property=\"og:url\" content=\"https:\/\/villabostele.com\/sl\/vila\/\" \/>\n<meta property=\"og:site_name\" content=\"Villa Bostele\" \/>\n<meta property=\"article:modified_time\" content=\"2022-10-07T09:13:47+00:00\" \/>\n<meta property=\"og:image\" content=\"https:\/\/villabostele.com\/wp-content\/uploads\/2022\/09\/ShareImage-D.png\" \/>\n\t<meta property=\"og:image:width\" content=\"1200\" \/>\n\t<meta property=\"og:image:height\" content=\"628\" \/>\n\t<meta property=\"og:image:type\" content=\"image\/png\" \/>\n<meta name=\"twitter:card\" content=\"summary_large_image\" \/>\n<script type=\"application\/ld+json\" class=\"yoast-schema-graph\">{\"@context\":\"https:\/\/schema.org\",\"@graph\":[{\"@type\":\"WebPage\",\"@id\":\"https:\/\/villabostele.com\/sl\/vila\/\",\"url\":\"https:\/\/villabostele.com\/sl\/vila\/\",\"name\":\"Vila - Villa Bostele\",\"isPartOf\":{\"@id\":\"https:\/\/villabostele.com\/#website\"},\"datePublished\":\"2022-10-07T09:06:22+00:00\",\"dateModified\":\"2022-10-07T09:13:47+00:00\",\"breadcrumb\":{\"@id\":\"https:\/\/villabostele.com\/sl\/vila\/#breadcrumb\"},\"inLanguage\":\"sl-SI\",\"potentialAction\":[{\"@type\":\"ReadAction\",\"target\":[\"https:\/\/villabostele.com\/sl\/vila\/\"]}]},{\"@type\":\"BreadcrumbList\",\"@id\":\"https:\/\/villabostele.com\/sl\/vila\/#breadcrumb\",\"itemListElement\":[{\"@type\":\"ListItem\",\"position\":1,\"name\":\"Home\",\"item\":\"https:\/\/villabostele.com\/sl\/\"},{\"@type\":\"ListItem\",\"position\":2,\"name\":\"Vila\"}]},{\"@type\":\"WebSite\",\"@id\":\"https:\/\/villabostele.com\/#website\",\"url\":\"https:\/\/villabostele.com\/\",\"name\":\"Villa Bostele\",\"description\":\"Len \u010fal\u0161ia WordPress str\u00e1nka\",\"potentialAction\":[{\"@type\":\"SearchAction\",\"target\":{\"@type\":\"EntryPoint\",\"urlTemplate\":\"https:\/\/villabostele.com\/?s={search_term_string}\"},\"query-input\":\"required name=search_term_string\"}],\"inLanguage\":\"sl-SI\"}]}<\/script>\n<!-- \/ Yoast SEO plugin. -->","yoast_head_json":{"title":"Vila - Villa Bostele","robots":{"index":"index","follow":"follow","max-snippet":"max-snippet:-1","max-image-preview":"max-image-preview:large","max-video-preview":"max-video-preview:-1"},"canonical":"https:\/\/villabostele.com\/sl\/vila\/","og_locale":"sl_SI","og_type":"article","og_title":"Vila - Villa Bostele","og_url":"https:\/\/villabostele.com\/sl\/vila\/","og_site_name":"Villa Bostele","article_modified_time":"2022-10-07T09:13:47+00:00","og_image":[{"width":1200,"height":628,"url":"https:\/\/villabostele.com\/wp-content\/uploads\/2022\/09\/ShareImage-D.png","type":"image\/png"}],"twitter_card":"summary_large_image","schema":{"@context":"https:\/\/schema.org","@graph":[{"@type":"WebPage","@id":"https:\/\/villabostele.com\/sl\/vila\/","url":"https:\/\/villabostele.com\/sl\/vila\/","name":"Vila - Villa Bostele","isPartOf":{"@id":"https:\/\/villabostele.com\/#website"},"datePublished":"2022-10-07T09:06:22+00:00","dateModified":"2022-10-07T09:13:47+00:00","breadcrumb":{"@id":"https:\/\/villabostele.com\/sl\/vila\/#breadcrumb"},"inLanguage":"sl-SI","potentialAction":[{"@type":"ReadAction","target":["https:\/\/villabostele.com\/sl\/vila\/"]}]},{"@type":"BreadcrumbList","@id":"https:\/\/villabostele.com\/sl\/vila\/#breadcrumb","itemListElement":[{"@type":"ListItem","position":1,"name":"Home","item":"https:\/\/villabostele.com\/sl\/"},{"@type":"ListItem","position":2,"name":"Vila"}]},{"@type":"WebSite","@id":"https:\/\/villabostele.com\/#website","url":"https:\/\/villabostele.com\/","name":"Villa Bostele","description":"Len \u010fal\u0161ia WordPress str\u00e1nka","potentialAction":[{"@type":"SearchAction","target":{"@type":"EntryPoint","urlTemplate":"https:\/\/villabostele.com\/?s={search_term_string}"},"query-input":"required name=search_term_string"}],"inLanguage":"sl-SI"}]}},"_links":{"self":[{"href":"https:\/\/villabostele.com\/sl\/wp-json\/wp\/v2\/pages\/1849","targetHints":{"allow":["GET"]}}],"collection":[{"href":"https:\/\/villabostele.com\/sl\/wp-json\/wp\/v2\/pages"}],"about":[{"href":"https:\/\/villabostele.com\/sl\/wp-json\/wp\/v2\/types\/page"}],"author":[{"embeddable":true,"href":"https:\/\/villabostele.com\/sl\/wp-json\/wp\/v2\/users\/2"}],"replies":[{"embeddable":true,"href":"https:\/\/villabostele.com\/sl\/wp-json\/wp\/v2\/comments?post=1849"}],"version-history":[{"count":2,"href":"https:\/\/villabostele.com\/sl\/wp-json\/wp\/v2\/pages\/1849\/revisions"}],"predecessor-version":[{"id":1851,"href":"https:\/\/villabostele.com\/sl\/wp-json\/wp\/v2\/pages\/1849\/revisions\/1851"}],"wp:attachment":[{"href":"https:\/\/villabostele.com\/sl\/wp-json\/wp\/v2\/media?parent=1849"}],"curies":[{"name":"wp","href":"https:\/\/api.w.org\/{rel}","templated":true}]}}