{"id":1852,"date":"2022-10-07T11:08:40","date_gmt":"2022-10-07T09:08:40","guid":{"rendered":"https:\/\/villabostele.com\/?page_id=1852"},"modified":"2022-10-07T11:14:00","modified_gmt":"2022-10-07T09:14:00","slug":"aktivnosti","status":"publish","type":"page","link":"https:\/\/villabostele.com\/sl\/aktivnosti\/","title":{"rendered":"Aktivnosti"},"content":{"rendered":"\n<section id=\"\" class=\"page-hero alt-2\">\n\t<div class=\"container\">\n\t\t<div class=\"row\">\n\t\t\t<div class=\"flex\">\n\t\t\t\t<div class=\"text\">\n\t\t\t\t\t<h1>V osr\u010dju Koro\u0161kih Alp<\/h1>\n<p>Villa Bostele se nahaja v osr\u010dju Koro\u0161kih Alp v zdravili\u0161kem mestu Bad Kleinkirchheim. To zgodovinsko zdravili\u0161\u010de z dolgoletno tradicijo ponuja \u010darobno kombinacijo spro\u0161\u010dujo\u010dega, dru\u017eabnega in aktivnega \u017eivljenjskega sloga skozi vse leto.<\/p>\n\t\t\t\t<\/div>\n\t\t\t\t<div class=\"image\">\n\t\t\t\t\t\t\t\t\t\t\t<img decoding=\"async\" src=\"https:\/\/villabostele.com\/wp-content\/uploads\/2022\/09\/Image-12.png\"  srcset=\"https:\/\/villabostele.com\/wp-content\/uploads\/2022\/09\/Image2x-12.png 2x\"  alt=\"\" \/>\n\t\t\t\t\t\t\t\t\t<\/div>\n\t\t\t<\/div>\n\t\t<\/div>\n\t<\/div>\n<\/section>\n\n\n\n<section id=\"\" class=\"icons\">\n\t<div class=\"container\">\n\t\t<div class=\"row\">\n\t\t\t<div class=\"text\">\n\t\t\t\t<h2>Kaj regija ponuja<\/h2>\n<p>Koro\u0161ka je pokrajina z bogatimi vodnimi viri, veli\u010dastnimi tritiso\u010daki, raznoliko naravo in toplimi, gostoljubnimi ljudmi.<\/p>\n\t\t\t<\/div>\n\t\t\t<div class=\"flex\">\n\t\t\t\t\t\t\t\t\t\t<div class=\"item\">\n\t\t\t\t\t\t\t<div class=\"image\">\n\t\t\t\t\t\t\t\t\t\t\t\t\t\t\t\t\t<img decoding=\"async\" src=\"https:\/\/villabostele.com\/wp-content\/uploads\/2022\/09\/Stamp-Ski-A.svg\"  alt=\"\" \/>\n\t\t\t\t\t\t\t\t\t\t\t\t\t\t\t<\/div>\n\t\t\t\t\t\t\t<h3>110 kilometrov prelepih prog<\/h3>\n\t\t\t\t\t\t<\/div>\n\t\t\t\t\t\t\t\t\t\t\t<div class=\"item\">\n\t\t\t\t\t\t\t<div class=\"image\">\n\t\t\t\t\t\t\t\t\t\t\t\t\t\t\t\t\t<img decoding=\"async\" src=\"https:\/\/villabostele.com\/wp-content\/uploads\/2022\/09\/Stamp-Spa-B.svg\"  alt=\"\" \/>\n\t\t\t\t\t\t\t\t\t\t\t\t\t\t\t<\/div>\n\t\t\t\t\t\t\t<h3>Golf<\/h3>\n\t\t\t\t\t\t<\/div>\n\t\t\t\t\t\t\t\t\t\t\t<div class=\"item\">\n\t\t\t\t\t\t\t<div class=\"image\">\n\t\t\t\t\t\t\t\t\t\t\t\t\t\t\t\t\t<img decoding=\"async\" src=\"https:\/\/villabostele.com\/wp-content\/uploads\/2022\/09\/Stamp-Landscape-B.svg\"  alt=\"\" \/>\n\t\t\t\t\t\t\t\t\t\t\t\t\t\t\t<\/div>\n\t\t\t\t\t\t\t<h3>O\u010darljivo naravo koro\u0161kih Alp<\/h3>\n\t\t\t\t\t\t<\/div>\n\t\t\t\t\t\t\t\t\t\t\t<div class=\"item\">\n\t\t\t\t\t\t\t<div class=\"image\">\n\t\t\t\t\t\t\t\t\t\t\t\t\t\t\t\t\t<img decoding=\"async\" src=\"https:\/\/villabostele.com\/wp-content\/uploads\/2022\/09\/Cuisine-2-A.svg\"  alt=\"\" \/>\n\t\t\t\t\t\t\t\t\t\t\t\t\t\t\t<\/div>\n\t\t\t\t\t\t\t<h3>Edinstveno doma\u010do avstrijsko kuhinjo<\/h3>\n\t\t\t\t\t\t<\/div>\n\t\t\t\t\t\t\t\t<\/div>\n\t\t<\/div>\n\t<\/div>\n<\/section>\n\n\n\n\n\n<section id=\"\" class=\"activity alt-1\">\n\t<div class=\"decoration\"><\/div>\n\t<div class=\"container\">\n\t\t<div class=\"row\">\n\t\t\t\t<div class=\"flex border\">\n\t\t\t<div class=\"text\">\n\t\t\t\t<h2>Zime so tukaj \u010darobne<\/h2>\n<p>110 kilometrov prvovrstnih smu\u010darskih prog  &#8211;  pogosto dom razli\u010dnih legendarnih FIS dogodkov &#8211; bo o\u010daralo za\u010detnike, dru\u017eine in tudi najzahtevnej\u0161e smu\u010darje.<\/p>\n\t\t\t<\/div>\n\t\t\t<div class=\"images\">\n\t\t\t\t<div class=\"wrapper\">\n\t\t\t\t\t\t\t\t\t\t\t<img decoding=\"async\" src=\"https:\/\/villabostele.com\/wp-content\/uploads\/2022\/09\/activity_1.jpg\"  srcset=\"https:\/\/villabostele.com\/wp-content\/uploads\/2022\/09\/activity_1@2x.jpg 2x\"  alt=\"\" \/>\n\t\t\t\t\t\t\t\t\t\t\t\t\t\t\t\t<img decoding=\"async\" src=\"https:\/\/villabostele.com\/wp-content\/uploads\/2022\/09\/activity_2.jpg\"  srcset=\"https:\/\/villabostele.com\/wp-content\/uploads\/2022\/09\/activity_2@2x.jpg 2x\"  alt=\"\" \/>\n\t\t\t\t\t\t\t\t\t<\/div>\n\t\t\t\t<div class=\"single\">\n\t\t\t\t\t\t\t\t\t\t\t<img decoding=\"async\" src=\"https:\/\/villabostele.com\/wp-content\/uploads\/2022\/09\/activity_3.jpg\"  srcset=\"https:\/\/villabostele.com\/wp-content\/uploads\/2022\/09\/activity_3@2x.jpg 2x\" class=\"single\" alt=\"\" \/>\n\t\t\t\t\t\t\t\t\t<\/div>\n\t\t\t<\/div>\n\t\t<\/div>\n\t\t\t\t\t\t\t\t\t\t<\/div>\n\t<\/div>\n<\/section>\n\n\n\n\n\n<section id=\"\" class=\"activity alt-2\">\n\t<div class=\"decoration\"><\/div>\n\t<div class=\"container\">\n\t\t<div class=\"row\">\n\t\t\t\t\t\t<div class=\"flex \">\n\t\t\t<div class=\"images\">\n\t\t\t\t<div class=\"item\">\n\t\t\t\t\t\t\t\t\t\t\t<img decoding=\"async\" src=\"https:\/\/villabostele.com\/wp-content\/uploads\/2022\/09\/activity_4.jpg\"  srcset=\"https:\/\/villabostele.com\/wp-content\/uploads\/2022\/09\/activity_4@2x.jpg 2x\"  alt=\"\" \/>\n\t\t\t\t\t\t\t\t\t<\/div>\n\t\t\t\t<div class=\"wrapper\">\n\t\t\t\t\t\t\t\t\t\t\t<img decoding=\"async\" src=\"https:\/\/villabostele.com\/wp-content\/uploads\/2022\/09\/activity_5@1x.png\"  srcset=\"https:\/\/villabostele.com\/wp-content\/uploads\/2022\/09\/activity_5@2x.png 2x\"  alt=\"\" \/>\n\t\t\t\t\t\t\t\t\t\t\t\t\t\t\t\t<img decoding=\"async\" src=\"https:\/\/villabostele.com\/wp-content\/uploads\/2022\/09\/activity_6@1x.png\"  srcset=\"https:\/\/villabostele.com\/wp-content\/uploads\/2022\/09\/activity_6@2x.png 2x\" class=\"single\" alt=\"\" \/>\n\t\t\t\t\t\t\t\t\t<\/div>\n\t\t\t<\/div>\n\t\t\t<div class=\"text\">\n\t\t\t\t<h2>Zgodovinsko zdravili\u0161\u010de z dolgoletno tradicijo<\/h2>\n<p>Voda iz \u00bbvrelca mladosti\u00ab je rahlo pene\u010da, s temperaturo 36\u00baC in vsebnostjo mineralov ni\u017ejo od 1000 mg\/l. U\u017eivajte v \u010dudovitem in sodobnem termalnem zdravili\u0161\u010du Therme St. Kathrein ali R\u00f6merbad. Zgodovinsko zdravili\u0161\u010de Karlbad vas bo popeljalo 500 let  v preteklost.<\/p>\n\t\t\t<\/div>\n\t\t<\/div>\n\t\t\t\t\t\t\t\t<\/div>\n\t<\/div>\n<\/section>\n\n\n\n\n\n<section id=\"\" class=\"activity alt-3\">\n\t<div class=\"decoration\"><\/div>\n\t<div class=\"container\">\n\t\t<div class=\"row\">\n\t\t\t\t\t\t\t\t<div class=\"text\">\n\t\t\t<h2>O\u010darljiva narava Koro\u0161kih Alp<\/h2>\n<p>Pozimi ali poleti &#8211; tukaj\u0161nja narava je \u010dudovita ne glede na letni \u010das. Smu\u010darji, pohodniki, gorski kolesarji, golfisti in ljubitelji gorske joge lahko u\u017eivate v njej.<\/p>\n\t\t<\/div>\n\t\t<div class=\"grid\">\n\t\t\t<div class=\"item\">\n\t\t\t\t\t\t\t\t\t<img decoding=\"async\" src=\"https:\/\/villabostele.com\/wp-content\/uploads\/2022\/09\/Image-13.png\"  srcset=\"https:\/\/villabostele.com\/wp-content\/uploads\/2022\/09\/Image2x-13.png 2x\"  alt=\"\" \/>\n\t\t\t\t\t\t\t<\/div>\n\t\t\t<div class=\"item\">\n\t\t\t\t\t\t\t\t\t<img decoding=\"async\" src=\"https:\/\/villabostele.com\/wp-content\/uploads\/2022\/09\/Image-14.png\"  srcset=\"https:\/\/villabostele.com\/wp-content\/uploads\/2022\/09\/Image2x-14.png 2x\"  alt=\"\" \/>\n\t\t\t\t\t\t\t<\/div>\n\t\t\t<div class=\"item\">\n\t\t\t\t\t\t\t\t\t<img decoding=\"async\" src=\"https:\/\/villabostele.com\/wp-content\/uploads\/2022\/09\/activity_9@1x.png\"  srcset=\"https:\/\/villabostele.com\/wp-content\/uploads\/2022\/09\/activity_9@2x.png 2x\" class=\"single\" alt=\"\" \/>\n\t\t\t\t\t\t\t<\/div>\n\t\t<\/div>\n\t\t\t\t\t\t<\/div>\n\t<\/div>\n<\/section>\n\n\n\n\n\n<section id=\"\" class=\"activity alt-4\">\n\t<div class=\"decoration\"><\/div>\n\t<div class=\"container\">\n\t\t<div class=\"row\">\n\t\t\t\t\t\t\t\t\t\t\t<div class=\"flex \">\n\t\t\t\t<div class=\"text\">\n\t\t\t\t\t<h2>Kulinari\u010dni raj<\/h2>\n<p>Terme niso edini na\u010din za sprostitev po \u010dudovito pre\u017eivetem dnevu v gorah. Tudi ponudba lokalne kuhinje je odli\u010dna, saj svetovno znane italijanske specialitete dopolnjujejo lokalne in edinstvene avstrijske jedi.<\/p>\n\t\t\t\t<\/div>\n\t\t\t\t<div class=\"images\">\n\t\t\t\t\t<div class=\"item\">\n\t\t\t\t\t\t\t\t\t\t\t\t\t<img decoding=\"async\" src=\"https:\/\/villabostele.com\/wp-content\/uploads\/2022\/09\/activity_10.jpg\"  srcset=\"https:\/\/villabostele.com\/wp-content\/uploads\/2022\/09\/activity_10@2x.jpg 2x\"  alt=\"\" \/>\n\t\t\t\t\t\t\t\t\t\t\t<\/div>\n\t\t\t\t\t<div class=\"item\">\n\t\t\t\t\t\t\t\t\t\t\t\t\t<img decoding=\"async\" src=\"https:\/\/villabostele.com\/wp-content\/uploads\/2022\/09\/Image-15.png\"  srcset=\"https:\/\/villabostele.com\/wp-content\/uploads\/2022\/09\/Image2x-15.png 2x\"  alt=\"\" \/>\n\t\t\t\t\t\t\t\t\t\t\t<\/div>\n\t\t\t\t<\/div>\n\t\t\t<\/div>\n\t\t\t\t<\/div>\n\t<\/div>\n<\/section>\n","protected":false},"excerpt":{"rendered":"","protected":false},"author":2,"featured_media":0,"parent":0,"menu_order":0,"comment_status":"closed","ping_status":"closed","template":"","meta":{"inline_featured_image":false,"footnotes":""},"class_list":["post-1852","page","type-page","status-publish","hentry"],"acf":[],"yoast_head":"<!-- This site is optimized with the Yoast SEO plugin v19.9 - https:\/\/yoast.com\/wordpress\/plugins\/seo\/ -->\n<title>Aktivnosti - Villa Bostele<\/title>\n<meta name=\"robots\" content=\"index, follow, max-snippet:-1, max-image-preview:large, max-video-preview:-1\" \/>\n<link rel=\"canonical\" href=\"https:\/\/villabostele.com\/sl\/aktivnosti\/\" \/>\n<meta property=\"og:locale\" content=\"sl_SI\" \/>\n<meta property=\"og:type\" content=\"article\" \/>\n<meta property=\"og:title\" content=\"Aktivnosti - Villa Bostele\" \/>\n<meta property=\"og:url\" content=\"https:\/\/villabostele.com\/sl\/aktivnosti\/\" \/>\n<meta property=\"og:site_name\" content=\"Villa Bostele\" \/>\n<meta property=\"article:modified_time\" content=\"2022-10-07T09:14:00+00:00\" \/>\n<meta property=\"og:image\" content=\"https:\/\/villabostele.com\/wp-content\/uploads\/2022\/09\/ShareImage-D.png\" \/>\n\t<meta property=\"og:image:width\" content=\"1200\" \/>\n\t<meta property=\"og:image:height\" content=\"628\" \/>\n\t<meta property=\"og:image:type\" content=\"image\/png\" \/>\n<meta name=\"twitter:card\" content=\"summary_large_image\" \/>\n<script type=\"application\/ld+json\" class=\"yoast-schema-graph\">{\"@context\":\"https:\/\/schema.org\",\"@graph\":[{\"@type\":\"WebPage\",\"@id\":\"https:\/\/villabostele.com\/sl\/aktivnosti\/\",\"url\":\"https:\/\/villabostele.com\/sl\/aktivnosti\/\",\"name\":\"Aktivnosti - Villa Bostele\",\"isPartOf\":{\"@id\":\"https:\/\/villabostele.com\/#website\"},\"datePublished\":\"2022-10-07T09:08:40+00:00\",\"dateModified\":\"2022-10-07T09:14:00+00:00\",\"breadcrumb\":{\"@id\":\"https:\/\/villabostele.com\/sl\/aktivnosti\/#breadcrumb\"},\"inLanguage\":\"sl-SI\",\"potentialAction\":[{\"@type\":\"ReadAction\",\"target\":[\"https:\/\/villabostele.com\/sl\/aktivnosti\/\"]}]},{\"@type\":\"BreadcrumbList\",\"@id\":\"https:\/\/villabostele.com\/sl\/aktivnosti\/#breadcrumb\",\"itemListElement\":[{\"@type\":\"ListItem\",\"position\":1,\"name\":\"Home\",\"item\":\"https:\/\/villabostele.com\/sl\/\"},{\"@type\":\"ListItem\",\"position\":2,\"name\":\"Aktivnosti\"}]},{\"@type\":\"WebSite\",\"@id\":\"https:\/\/villabostele.com\/#website\",\"url\":\"https:\/\/villabostele.com\/\",\"name\":\"Villa Bostele\",\"description\":\"Len \u010fal\u0161ia WordPress str\u00e1nka\",\"potentialAction\":[{\"@type\":\"SearchAction\",\"target\":{\"@type\":\"EntryPoint\",\"urlTemplate\":\"https:\/\/villabostele.com\/?s={search_term_string}\"},\"query-input\":\"required name=search_term_string\"}],\"inLanguage\":\"sl-SI\"}]}<\/script>\n<!-- \/ Yoast SEO plugin. -->","yoast_head_json":{"title":"Aktivnosti - Villa Bostele","robots":{"index":"index","follow":"follow","max-snippet":"max-snippet:-1","max-image-preview":"max-image-preview:large","max-video-preview":"max-video-preview:-1"},"canonical":"https:\/\/villabostele.com\/sl\/aktivnosti\/","og_locale":"sl_SI","og_type":"article","og_title":"Aktivnosti - Villa Bostele","og_url":"https:\/\/villabostele.com\/sl\/aktivnosti\/","og_site_name":"Villa Bostele","article_modified_time":"2022-10-07T09:14:00+00:00","og_image":[{"width":1200,"height":628,"url":"https:\/\/villabostele.com\/wp-content\/uploads\/2022\/09\/ShareImage-D.png","type":"image\/png"}],"twitter_card":"summary_large_image","schema":{"@context":"https:\/\/schema.org","@graph":[{"@type":"WebPage","@id":"https:\/\/villabostele.com\/sl\/aktivnosti\/","url":"https:\/\/villabostele.com\/sl\/aktivnosti\/","name":"Aktivnosti - Villa Bostele","isPartOf":{"@id":"https:\/\/villabostele.com\/#website"},"datePublished":"2022-10-07T09:08:40+00:00","dateModified":"2022-10-07T09:14:00+00:00","breadcrumb":{"@id":"https:\/\/villabostele.com\/sl\/aktivnosti\/#breadcrumb"},"inLanguage":"sl-SI","potentialAction":[{"@type":"ReadAction","target":["https:\/\/villabostele.com\/sl\/aktivnosti\/"]}]},{"@type":"BreadcrumbList","@id":"https:\/\/villabostele.com\/sl\/aktivnosti\/#breadcrumb","itemListElement":[{"@type":"ListItem","position":1,"name":"Home","item":"https:\/\/villabostele.com\/sl\/"},{"@type":"ListItem","position":2,"name":"Aktivnosti"}]},{"@type":"WebSite","@id":"https:\/\/villabostele.com\/#website","url":"https:\/\/villabostele.com\/","name":"Villa Bostele","description":"Len \u010fal\u0161ia WordPress str\u00e1nka","potentialAction":[{"@type":"SearchAction","target":{"@type":"EntryPoint","urlTemplate":"https:\/\/villabostele.com\/?s={search_term_string}"},"query-input":"required name=search_term_string"}],"inLanguage":"sl-SI"}]}},"_links":{"self":[{"href":"https:\/\/villabostele.com\/sl\/wp-json\/wp\/v2\/pages\/1852","targetHints":{"allow":["GET"]}}],"collection":[{"href":"https:\/\/villabostele.com\/sl\/wp-json\/wp\/v2\/pages"}],"about":[{"href":"https:\/\/villabostele.com\/sl\/wp-json\/wp\/v2\/types\/page"}],"author":[{"embeddable":true,"href":"https:\/\/villabostele.com\/sl\/wp-json\/wp\/v2\/users\/2"}],"replies":[{"embeddable":true,"href":"https:\/\/villabostele.com\/sl\/wp-json\/wp\/v2\/comments?post=1852"}],"version-history":[{"count":2,"href":"https:\/\/villabostele.com\/sl\/wp-json\/wp\/v2\/pages\/1852\/revisions"}],"predecessor-version":[{"id":1854,"href":"https:\/\/villabostele.com\/sl\/wp-json\/wp\/v2\/pages\/1852\/revisions\/1854"}],"wp:attachment":[{"href":"https:\/\/villabostele.com\/sl\/wp-json\/wp\/v2\/media?parent=1852"}],"curies":[{"name":"wp","href":"https:\/\/api.w.org\/{rel}","templated":true}]}}